{"id":36071,"date":"2024-10-10T15:56:21","date_gmt":"2024-10-10T20:56:21","guid":{"rendered":"https:\/\/dcggs.qroo.gob.mx\/?page_id=36071"},"modified":"2026-01-20T17:03:56","modified_gmt":"2026-01-20T22:03:56","slug":"programas-presupuestarios","status":"publish","type":"page","link":"https:\/\/dcggs.qroo.gob.mx\/index.php\/programas-presupuestarios\/","title":{"rendered":"Programas Presupuestarios"},"content":{"rendered":"\t\t<div data-elementor-type=\"wp-page\" data-elementor-id=\"36071\" class=\"elementor elementor-36071\">\n\t\t\t\t<div class=\"elementor-element elementor-element-ce0562f e-flex e-con-boxed e-con e-parent\" data-id=\"ce0562f\" data-element_type=\"container\">\n\t\t\t\t\t<div class=\"e-con-inner\">\n\t\t\t\t<div class=\"elementor-element elementor-element-deec6e9 elementor-widget-divider--view-line elementor-widget elementor-widget-divider\" data-id=\"deec6e9\" data-element_type=\"widget\" data-widget_type=\"divider.default\">\n\t\t\t\t<div class=\"elementor-widget-container\">\n\t\t\t\t\t<div class=\"elementor-divider\">\n\t\t\t<span class=\"elementor-divider-separator\">\n\t\t\t\t\t\t<\/span>\n\t\t<\/div>\n\t\t\t\t<\/div>\n\t\t\t\t<\/div>\n\t\t\t\t\t<\/div>\n\t\t\t\t<\/div>\n\t\t<div class=\"elementor-element elementor-element-d775abc e-flex e-con-boxed e-con e-parent\" data-id=\"d775abc\" data-element_type=\"container\">\n\t\t\t\t\t<div class=\"e-con-inner\">\n\t\t\t\t<div class=\"elementor-element elementor-element-f67e091 elementor-widget elementor-widget-heading\" data-id=\"f67e091\" data-element_type=\"widget\" data-widget_type=\"heading.default\">\n\t\t\t\t<div class=\"elementor-widget-container\">\n\t\t\t<h2 class=\"elementor-heading-title elementor-size-default\">Programas Presupuestarios del DCGGS<\/h2>\t\t<\/div>\n\t\t\t\t<\/div>\n\t\t\t\t\t<\/div>\n\t\t\t\t<\/div>\n\t\t<div class=\"elementor-element elementor-element-42c02cd e-flex e-con-boxed e-con e-parent\" data-id=\"42c02cd\" data-element_type=\"container\">\n\t\t\t\t\t<div class=\"e-con-inner\">\n\t\t\t\t<div class=\"elementor-element elementor-element-e11f9c1 elementor-tabs-view-horizontal elementor-widget elementor-widget-tabs\" data-id=\"e11f9c1\" data-element_type=\"widget\" data-widget_type=\"tabs.default\">\n\t\t\t\t<div class=\"elementor-widget-container\">\n\t\t\t\t\t<div class=\"elementor-tabs\">\n\t\t\t<div class=\"elementor-tabs-wrapper\" role=\"tablist\" >\n\t\t\t\t\t\t\t\t\t<div id=\"elementor-tab-title-2361\" class=\"elementor-tab-title elementor-tab-desktop-title\" aria-selected=\"true\" data-tab=\"1\" role=\"tab\" tabindex=\"0\" aria-controls=\"elementor-tab-content-2361\" aria-expanded=\"false\">2025<\/div>\n\t\t\t\t\t\t\t\t\t<div id=\"elementor-tab-title-2362\" class=\"elementor-tab-title elementor-tab-desktop-title\" aria-selected=\"false\" data-tab=\"2\" role=\"tab\" tabindex=\"-1\" aria-controls=\"elementor-tab-content-2362\" aria-expanded=\"false\">2026<\/div>\n\t\t\t\t\t\t\t<\/div>\n\t\t\t<div class=\"elementor-tabs-content-wrapper\" role=\"tablist\" aria-orientation=\"vertical\">\n\t\t\t\t\t\t\t\t\t<div class=\"elementor-tab-title elementor-tab-mobile-title\" aria-selected=\"true\" data-tab=\"1\" role=\"tab\" tabindex=\"0\" aria-controls=\"elementor-tab-content-2361\" aria-expanded=\"false\">2025<\/div>\n\t\t\t\t\t<div id=\"elementor-tab-content-2361\" class=\"elementor-tab-content elementor-clearfix\" data-tab=\"1\" role=\"tabpanel\" aria-labelledby=\"elementor-tab-title-2361\" tabindex=\"0\" hidden=\"false\"><ul><li><a href=\"https:\/\/dcggs.qroo.gob.mx\/wp-content\/uploads\/2025\/04\/MML_08_S011_2025.pdf\" target=\"_blank\" rel=\"noopener\">S011 &#8211; Gesti\u00f3n Social<\/a><\/li><li><a href=\"https:\/\/dcggs.qroo.gob.mx\/wp-content\/uploads\/2025\/04\/MML_O8_M001_2025.pdf\" target=\"_blank\" rel=\"noopener\">M001 &#8211; Gesti\u00f3n y Apoyo Institucional Transversal<\/a><\/li><\/ul><\/div>\n\t\t\t\t\t\t\t\t\t<div class=\"elementor-tab-title elementor-tab-mobile-title\" aria-selected=\"false\" data-tab=\"2\" role=\"tab\" tabindex=\"-1\" aria-controls=\"elementor-tab-content-2362\" aria-expanded=\"false\">2026<\/div>\n\t\t\t\t\t<div id=\"elementor-tab-content-2362\" class=\"elementor-tab-content elementor-clearfix\" data-tab=\"2\" role=\"tabpanel\" aria-labelledby=\"elementor-tab-title-2362\" tabindex=\"0\" hidden=\"hidden\"><ul><li><a href=\"https:\/\/dcggs.qroo.gob.mx\/wp-content\/uploads\/2026\/01\/MML08_S011_2026.pdf\" target=\"_blank\" rel=\"noopener\">S011 &#8211; Gesti\u00f3n Social<\/a><\/li><li><a href=\"https:\/\/dcggs.qroo.gob.mx\/wp-content\/uploads\/2026\/01\/MML08_M001_2026.pdf\" target=\"_blank\" rel=\"noopener\">M001 &#8211; Gesti\u00f3n y Apoyo Institucional Transversal<\/a><\/li><\/ul><\/div>\n\t\t\t\t\t\t\t<\/div>\n\t\t<\/div>\n\t\t\t\t<\/div>\n\t\t\t\t<\/div>\n\t\t\t\t\t<\/div>\n\t\t\t\t<\/div>\n\t\t\t\t<\/div>\n\t\t","protected":false},"excerpt":{"rendered":"<p>Programas Presupuestarios del DCGGS 2025 2026 2025 S011 &#8211; Gesti\u00f3n Social M001 &#8211; Gesti\u00f3n y Apoyo Institucional Transversal 2026 S011 &#8211; Gesti\u00f3n Social M001 &#8211; Gesti\u00f3n y Apoyo Institucional Transversal<\/p>\n","protected":false},"author":4,"featured_media":0,"parent":0,"menu_order":0,"comment_status":"closed","ping_status":"closed","template":"","meta":{"footnotes":""},"class_list":["post-36071","page","type-page","status-publish"],"yoast_head":"<!-- This site is optimized with the Yoast SEO plugin v23.4 - https:\/\/yoast.com\/wordpress\/plugins\/seo\/ -->\n<title>Programas Presupuestarios - Despacho de la Coordinaci\u00f3n General de Gesti\u00f3n Social<\/title>\n<meta name=\"robots\" content=\"index, follow, max-snippet:-1, max-image-preview:large, max-video-preview:-1\" \/>\n<link rel=\"canonical\" href=\"https:\/\/dcggs.qroo.gob.mx\/index.php\/programas-presupuestarios\/\" \/>\n<meta property=\"og:locale\" content=\"es_MX\" \/>\n<meta property=\"og:type\" content=\"article\" \/>\n<meta property=\"og:title\" content=\"Programas Presupuestarios - Despacho de la Coordinaci\u00f3n General de Gesti\u00f3n Social\" \/>\n<meta property=\"og:description\" content=\"Programas Presupuestarios del DCGGS 2025 2026 2025 S011 &#8211; Gesti\u00f3n Social M001 &#8211; Gesti\u00f3n y Apoyo Institucional Transversal 2026 S011 &#8211; Gesti\u00f3n Social M001 &#8211; Gesti\u00f3n y Apoyo Institucional Transversal\" \/>\n<meta property=\"og:url\" content=\"https:\/\/dcggs.qroo.gob.mx\/index.php\/programas-presupuestarios\/\" \/>\n<meta property=\"og:site_name\" content=\"Despacho de la Coordinaci\u00f3n General de Gesti\u00f3n Social\" \/>\n<meta property=\"article:modified_time\" content=\"2026-01-20T22:03:56+00:00\" \/>\n<meta name=\"twitter:card\" content=\"summary_large_image\" \/>\n<meta name=\"twitter:label1\" content=\"Tiempo de lectura\" \/>\n\t<meta name=\"twitter:data1\" content=\"1 minuto\" \/>\n<script type=\"application\/ld+json\" class=\"yoast-schema-graph\">{\"@context\":\"https:\/\/schema.org\",\"@graph\":[{\"@type\":\"WebPage\",\"@id\":\"https:\/\/dcggs.qroo.gob.mx\/index.php\/programas-presupuestarios\/\",\"url\":\"https:\/\/dcggs.qroo.gob.mx\/index.php\/programas-presupuestarios\/\",\"name\":\"Programas Presupuestarios - Despacho de la Coordinaci\u00f3n General de Gesti\u00f3n Social\",\"isPartOf\":{\"@id\":\"https:\/\/dcggs.qroo.gob.mx\/#website\"},\"datePublished\":\"2024-10-10T20:56:21+00:00\",\"dateModified\":\"2026-01-20T22:03:56+00:00\",\"breadcrumb\":{\"@id\":\"https:\/\/dcggs.qroo.gob.mx\/index.php\/programas-presupuestarios\/#breadcrumb\"},\"inLanguage\":\"es\",\"potentialAction\":[{\"@type\":\"ReadAction\",\"target\":[\"https:\/\/dcggs.qroo.gob.mx\/index.php\/programas-presupuestarios\/\"]}]},{\"@type\":\"BreadcrumbList\",\"@id\":\"https:\/\/dcggs.qroo.gob.mx\/index.php\/programas-presupuestarios\/#breadcrumb\",\"itemListElement\":[{\"@type\":\"ListItem\",\"position\":1,\"name\":\"Inicio\",\"item\":\"https:\/\/dcggs.qroo.gob.mx\/\"},{\"@type\":\"ListItem\",\"position\":2,\"name\":\"Programas Presupuestarios\"}]},{\"@type\":\"WebSite\",\"@id\":\"https:\/\/dcggs.qroo.gob.mx\/#website\",\"url\":\"https:\/\/dcggs.qroo.gob.mx\/\",\"name\":\"Despacho de la Coordinaci\u00f3n General de Gesti\u00f3n Social\",\"description\":\"\",\"publisher\":{\"@id\":\"https:\/\/dcggs.qroo.gob.mx\/#organization\"},\"potentialAction\":[{\"@type\":\"SearchAction\",\"target\":{\"@type\":\"EntryPoint\",\"urlTemplate\":\"https:\/\/dcggs.qroo.gob.mx\/?s={search_term_string}\"},\"query-input\":{\"@type\":\"PropertyValueSpecification\",\"valueRequired\":true,\"valueName\":\"search_term_string\"}}],\"inLanguage\":\"es\"},{\"@type\":\"Organization\",\"@id\":\"https:\/\/dcggs.qroo.gob.mx\/#organization\",\"name\":\"Despacho de la Coordinaci\u00f3n General de Gesti\u00f3n Social\",\"url\":\"https:\/\/dcggs.qroo.gob.mx\/\",\"logo\":{\"@type\":\"ImageObject\",\"inLanguage\":\"es\",\"@id\":\"https:\/\/dcggs.qroo.gob.mx\/#\/schema\/logo\/image\/\",\"url\":\"https:\/\/dcggs.qroo.gob.mx\/wp-content\/uploads\/2024\/09\/logo_dcggs-1.png\",\"contentUrl\":\"https:\/\/dcggs.qroo.gob.mx\/wp-content\/uploads\/2024\/09\/logo_dcggs-1.png\",\"width\":872,\"height\":286,\"caption\":\"Despacho de la Coordinaci\u00f3n General de Gesti\u00f3n Social\"},\"image\":{\"@id\":\"https:\/\/dcggs.qroo.gob.mx\/#\/schema\/logo\/image\/\"}}]}<\/script>\n<!-- \/ Yoast SEO plugin. -->","yoast_head_json":{"title":"Programas Presupuestarios - Despacho de la Coordinaci\u00f3n General de Gesti\u00f3n Social","robots":{"index":"index","follow":"follow","max-snippet":"max-snippet:-1","max-image-preview":"max-image-preview:large","max-video-preview":"max-video-preview:-1"},"canonical":"https:\/\/dcggs.qroo.gob.mx\/index.php\/programas-presupuestarios\/","og_locale":"es_MX","og_type":"article","og_title":"Programas Presupuestarios - Despacho de la Coordinaci\u00f3n General de Gesti\u00f3n Social","og_description":"Programas Presupuestarios del DCGGS 2025 2026 2025 S011 &#8211; Gesti\u00f3n Social M001 &#8211; Gesti\u00f3n y Apoyo Institucional Transversal 2026 S011 &#8211; Gesti\u00f3n Social M001 &#8211; Gesti\u00f3n y Apoyo Institucional Transversal","og_url":"https:\/\/dcggs.qroo.gob.mx\/index.php\/programas-presupuestarios\/","og_site_name":"Despacho de la Coordinaci\u00f3n General de Gesti\u00f3n Social","article_modified_time":"2026-01-20T22:03:56+00:00","twitter_card":"summary_large_image","twitter_misc":{"Tiempo de lectura":"1 minuto"},"schema":{"@context":"https:\/\/schema.org","@graph":[{"@type":"WebPage","@id":"https:\/\/dcggs.qroo.gob.mx\/index.php\/programas-presupuestarios\/","url":"https:\/\/dcggs.qroo.gob.mx\/index.php\/programas-presupuestarios\/","name":"Programas Presupuestarios - Despacho de la Coordinaci\u00f3n General de Gesti\u00f3n Social","isPartOf":{"@id":"https:\/\/dcggs.qroo.gob.mx\/#website"},"datePublished":"2024-10-10T20:56:21+00:00","dateModified":"2026-01-20T22:03:56+00:00","breadcrumb":{"@id":"https:\/\/dcggs.qroo.gob.mx\/index.php\/programas-presupuestarios\/#breadcrumb"},"inLanguage":"es","potentialAction":[{"@type":"ReadAction","target":["https:\/\/dcggs.qroo.gob.mx\/index.php\/programas-presupuestarios\/"]}]},{"@type":"BreadcrumbList","@id":"https:\/\/dcggs.qroo.gob.mx\/index.php\/programas-presupuestarios\/#breadcrumb","itemListElement":[{"@type":"ListItem","position":1,"name":"Inicio","item":"https:\/\/dcggs.qroo.gob.mx\/"},{"@type":"ListItem","position":2,"name":"Programas Presupuestarios"}]},{"@type":"WebSite","@id":"https:\/\/dcggs.qroo.gob.mx\/#website","url":"https:\/\/dcggs.qroo.gob.mx\/","name":"Despacho de la Coordinaci\u00f3n General de Gesti\u00f3n Social","description":"","publisher":{"@id":"https:\/\/dcggs.qroo.gob.mx\/#organization"},"potentialAction":[{"@type":"SearchAction","target":{"@type":"EntryPoint","urlTemplate":"https:\/\/dcggs.qroo.gob.mx\/?s={search_term_string}"},"query-input":{"@type":"PropertyValueSpecification","valueRequired":true,"valueName":"search_term_string"}}],"inLanguage":"es"},{"@type":"Organization","@id":"https:\/\/dcggs.qroo.gob.mx\/#organization","name":"Despacho de la Coordinaci\u00f3n General de Gesti\u00f3n Social","url":"https:\/\/dcggs.qroo.gob.mx\/","logo":{"@type":"ImageObject","inLanguage":"es","@id":"https:\/\/dcggs.qroo.gob.mx\/#\/schema\/logo\/image\/","url":"https:\/\/dcggs.qroo.gob.mx\/wp-content\/uploads\/2024\/09\/logo_dcggs-1.png","contentUrl":"https:\/\/dcggs.qroo.gob.mx\/wp-content\/uploads\/2024\/09\/logo_dcggs-1.png","width":872,"height":286,"caption":"Despacho de la Coordinaci\u00f3n General de Gesti\u00f3n Social"},"image":{"@id":"https:\/\/dcggs.qroo.gob.mx\/#\/schema\/logo\/image\/"}}]}},"_links":{"self":[{"href":"https:\/\/dcggs.qroo.gob.mx\/index.php\/wp-json\/wp\/v2\/pages\/36071","targetHints":{"allow":["GET"]}}],"collection":[{"href":"https:\/\/dcggs.qroo.gob.mx\/index.php\/wp-json\/wp\/v2\/pages"}],"about":[{"href":"https:\/\/dcggs.qroo.gob.mx\/index.php\/wp-json\/wp\/v2\/types\/page"}],"author":[{"embeddable":true,"href":"https:\/\/dcggs.qroo.gob.mx\/index.php\/wp-json\/wp\/v2\/users\/4"}],"replies":[{"embeddable":true,"href":"https:\/\/dcggs.qroo.gob.mx\/index.php\/wp-json\/wp\/v2\/comments?post=36071"}],"version-history":[{"count":16,"href":"https:\/\/dcggs.qroo.gob.mx\/index.php\/wp-json\/wp\/v2\/pages\/36071\/revisions"}],"predecessor-version":[{"id":36378,"href":"https:\/\/dcggs.qroo.gob.mx\/index.php\/wp-json\/wp\/v2\/pages\/36071\/revisions\/36378"}],"wp:attachment":[{"href":"https:\/\/dcggs.qroo.gob.mx\/index.php\/wp-json\/wp\/v2\/media?parent=36071"}],"curies":[{"name":"wp","href":"https:\/\/api.w.org\/{rel}","templated":true}]}}