{"id":36087,"date":"2024-10-10T16:10:32","date_gmt":"2024-10-10T21:10:32","guid":{"rendered":"https:\/\/dcggs.qroo.gob.mx\/?page_id=36087"},"modified":"2026-03-10T12:22:53","modified_gmt":"2026-03-10T17:22:53","slug":"normatividad","status":"publish","type":"page","link":"https:\/\/dcggs.qroo.gob.mx\/index.php\/normatividad\/","title":{"rendered":"Normatividad"},"content":{"rendered":"\t\t<div data-elementor-type=\"wp-page\" data-elementor-id=\"36087\" class=\"elementor elementor-36087\">\n\t\t\t\t<div class=\"elementor-element elementor-element-e8a4db2 e-flex e-con-boxed e-con e-parent\" data-id=\"e8a4db2\" data-element_type=\"container\">\n\t\t\t\t\t<div class=\"e-con-inner\">\n\t\t\t\t<div class=\"elementor-element elementor-element-6395c22 elementor-widget-divider--view-line elementor-widget elementor-widget-divider\" data-id=\"6395c22\" data-element_type=\"widget\" data-widget_type=\"divider.default\">\n\t\t\t\t<div class=\"elementor-widget-container\">\n\t\t\t\t\t<div class=\"elementor-divider\">\n\t\t\t<span class=\"elementor-divider-separator\">\n\t\t\t\t\t\t<\/span>\n\t\t<\/div>\n\t\t\t\t<\/div>\n\t\t\t\t<\/div>\n\t\t\t\t\t<\/div>\n\t\t\t\t<\/div>\n\t\t<div class=\"elementor-element elementor-element-0654e66 e-flex e-con-boxed e-con e-parent\" data-id=\"0654e66\" data-element_type=\"container\">\n\t\t\t\t\t<div class=\"e-con-inner\">\n\t\t\t\t<div class=\"elementor-element elementor-element-c6244b2 elementor-widget elementor-widget-heading\" data-id=\"c6244b2\" data-element_type=\"widget\" data-widget_type=\"heading.default\">\n\t\t\t\t<div class=\"elementor-widget-container\">\n\t\t\t<h2 class=\"elementor-heading-title elementor-size-default\">Normatividad<\/h2>\t\t<\/div>\n\t\t\t\t<\/div>\n\t\t\t\t\t<\/div>\n\t\t\t\t<\/div>\n\t\t<div class=\"elementor-element elementor-element-36ba151 e-flex e-con-boxed e-con e-parent\" data-id=\"36ba151\" data-element_type=\"container\">\n\t\t\t\t\t<div class=\"e-con-inner\">\n\t\t\t\t<div class=\"elementor-element elementor-element-15498cb elementor-widget elementor-widget-spacer\" data-id=\"15498cb\" data-element_type=\"widget\" data-widget_type=\"spacer.default\">\n\t\t\t\t<div class=\"elementor-widget-container\">\n\t\t\t\t\t<div class=\"elementor-spacer\">\n\t\t\t<div class=\"elementor-spacer-inner\"><\/div>\n\t\t<\/div>\n\t\t\t\t<\/div>\n\t\t\t\t<\/div>\n\t\t\t\t\t<\/div>\n\t\t\t\t<\/div>\n\t\t<div class=\"elementor-element elementor-element-36d7729 e-flex e-con-boxed e-con e-parent\" data-id=\"36d7729\" data-element_type=\"container\">\n\t\t\t\t\t<div class=\"e-con-inner\">\n\t\t<div class=\"elementor-element elementor-element-6fdaaad e-grid e-con-full e-con e-child\" data-id=\"6fdaaad\" data-element_type=\"container\" data-settings=\"{&quot;background_background&quot;:&quot;classic&quot;}\">\n\t\t\t\t<div class=\"elementor-element elementor-element-dd24810 elementor-widget elementor-widget-heading\" data-id=\"dd24810\" data-element_type=\"widget\" data-widget_type=\"heading.default\">\n\t\t\t\t<div class=\"elementor-widget-container\">\n\t\t\t<h3 class=\"elementor-heading-title elementor-size-default\"><a href=\"https:\/\/dcggs.qroo.gob.mx\/wp-content\/uploads\/2025\/02\/DECRETO_DCGGS_compressed.pdf\" target=\"_blank\">DECRETO<\/a><\/h3>\t\t<\/div>\n\t\t\t\t<\/div>\n\t\t\t\t<div class=\"elementor-element elementor-element-3678fdd elementor-widget elementor-widget-heading\" data-id=\"3678fdd\" data-element_type=\"widget\" data-widget_type=\"heading.default\">\n\t\t\t\t<div class=\"elementor-widget-container\">\n\t\t\t<h2 class=\"elementor-heading-title elementor-size-default\"><a href=\"https:\/\/dcggs.qroo.gob.mx\/wp-content\/uploads\/2025\/06\/LINEAMIENTOS-PARA-LA-ADMINISTRACION-DE-LOS-RECURSOS-HUMANOS.pdf\" target=\"_blank\">LINEAMIENTOS<\/a><\/h2>\t\t<\/div>\n\t\t\t\t<\/div>\n\t\t\t\t<div class=\"elementor-element elementor-element-9e2f1a5 elementor-widget elementor-widget-heading\" data-id=\"9e2f1a5\" data-element_type=\"widget\" data-widget_type=\"heading.default\">\n\t\t\t\t<div class=\"elementor-widget-container\">\n\t\t\t<h3 class=\"elementor-heading-title elementor-size-default\"><a href=\"https:\/\/dcggs.qroo.gob.mx\/index.php\/reglas-de-operacion\/\" target=\"_blank\">REGLAS DE OPERACI\u00d3N<\/a><\/h3>\t\t<\/div>\n\t\t\t\t<\/div>\n\t\t\t\t<\/div>\n\t\t\t\t\t<\/div>\n\t\t\t\t<\/div>\n\t\t<div class=\"elementor-element elementor-element-1628b1e e-flex e-con-boxed e-con e-parent\" data-id=\"1628b1e\" data-element_type=\"container\">\n\t\t\t\t\t<div class=\"e-con-inner\">\n\t\t\t\t<div class=\"elementor-element elementor-element-46c77b1 elementor-widget-divider--view-line elementor-widget elementor-widget-divider\" data-id=\"46c77b1\" data-element_type=\"widget\" data-widget_type=\"divider.default\">\n\t\t\t\t<div class=\"elementor-widget-container\">\n\t\t\t\t\t<div class=\"elementor-divider\">\n\t\t\t<span class=\"elementor-divider-separator\">\n\t\t\t\t\t\t<\/span>\n\t\t<\/div>\n\t\t\t\t<\/div>\n\t\t\t\t<\/div>\n\t\t\t\t\t<\/div>\n\t\t\t\t<\/div>\n\t\t\t\t<\/div>\n\t\t","protected":false},"excerpt":{"rendered":"<p>Normatividad DECRETO LINEAMIENTOS REGLAS DE OPERACI\u00d3N<\/p>\n","protected":false},"author":4,"featured_media":0,"parent":0,"menu_order":0,"comment_status":"closed","ping_status":"closed","template":"","meta":{"footnotes":""},"class_list":["post-36087","page","type-page","status-publish"],"yoast_head":"<!-- This site is optimized with the Yoast SEO plugin v23.4 - https:\/\/yoast.com\/wordpress\/plugins\/seo\/ -->\n<title>Normatividad - Despacho de la Coordinaci\u00f3n General de Gesti\u00f3n Social<\/title>\n<meta name=\"robots\" content=\"index, follow, max-snippet:-1, max-image-preview:large, max-video-preview:-1\" \/>\n<link rel=\"canonical\" href=\"https:\/\/dcggs.qroo.gob.mx\/index.php\/normatividad\/\" \/>\n<meta property=\"og:locale\" content=\"es_MX\" \/>\n<meta property=\"og:type\" content=\"article\" \/>\n<meta property=\"og:title\" content=\"Normatividad - Despacho de la Coordinaci\u00f3n General de Gesti\u00f3n Social\" \/>\n<meta property=\"og:description\" content=\"Normatividad DECRETO LINEAMIENTOS REGLAS DE OPERACI\u00d3N\" \/>\n<meta property=\"og:url\" content=\"https:\/\/dcggs.qroo.gob.mx\/index.php\/normatividad\/\" \/>\n<meta property=\"og:site_name\" content=\"Despacho de la Coordinaci\u00f3n General de Gesti\u00f3n Social\" \/>\n<meta property=\"article:modified_time\" content=\"2026-03-10T17:22:53+00:00\" \/>\n<meta name=\"twitter:card\" content=\"summary_large_image\" \/>\n<meta name=\"twitter:label1\" content=\"Tiempo de lectura\" \/>\n\t<meta name=\"twitter:data1\" content=\"1 minuto\" \/>\n<script type=\"application\/ld+json\" class=\"yoast-schema-graph\">{\"@context\":\"https:\/\/schema.org\",\"@graph\":[{\"@type\":\"WebPage\",\"@id\":\"https:\/\/dcggs.qroo.gob.mx\/index.php\/normatividad\/\",\"url\":\"https:\/\/dcggs.qroo.gob.mx\/index.php\/normatividad\/\",\"name\":\"Normatividad - Despacho de la Coordinaci\u00f3n General de Gesti\u00f3n Social\",\"isPartOf\":{\"@id\":\"https:\/\/dcggs.qroo.gob.mx\/#website\"},\"datePublished\":\"2024-10-10T21:10:32+00:00\",\"dateModified\":\"2026-03-10T17:22:53+00:00\",\"breadcrumb\":{\"@id\":\"https:\/\/dcggs.qroo.gob.mx\/index.php\/normatividad\/#breadcrumb\"},\"inLanguage\":\"es\",\"potentialAction\":[{\"@type\":\"ReadAction\",\"target\":[\"https:\/\/dcggs.qroo.gob.mx\/index.php\/normatividad\/\"]}]},{\"@type\":\"BreadcrumbList\",\"@id\":\"https:\/\/dcggs.qroo.gob.mx\/index.php\/normatividad\/#breadcrumb\",\"itemListElement\":[{\"@type\":\"ListItem\",\"position\":1,\"name\":\"Inicio\",\"item\":\"https:\/\/dcggs.qroo.gob.mx\/\"},{\"@type\":\"ListItem\",\"position\":2,\"name\":\"Normatividad\"}]},{\"@type\":\"WebSite\",\"@id\":\"https:\/\/dcggs.qroo.gob.mx\/#website\",\"url\":\"https:\/\/dcggs.qroo.gob.mx\/\",\"name\":\"Despacho de la Coordinaci\u00f3n General de Gesti\u00f3n Social\",\"description\":\"\",\"publisher\":{\"@id\":\"https:\/\/dcggs.qroo.gob.mx\/#organization\"},\"potentialAction\":[{\"@type\":\"SearchAction\",\"target\":{\"@type\":\"EntryPoint\",\"urlTemplate\":\"https:\/\/dcggs.qroo.gob.mx\/?s={search_term_string}\"},\"query-input\":{\"@type\":\"PropertyValueSpecification\",\"valueRequired\":true,\"valueName\":\"search_term_string\"}}],\"inLanguage\":\"es\"},{\"@type\":\"Organization\",\"@id\":\"https:\/\/dcggs.qroo.gob.mx\/#organization\",\"name\":\"Despacho de la Coordinaci\u00f3n General de Gesti\u00f3n Social\",\"url\":\"https:\/\/dcggs.qroo.gob.mx\/\",\"logo\":{\"@type\":\"ImageObject\",\"inLanguage\":\"es\",\"@id\":\"https:\/\/dcggs.qroo.gob.mx\/#\/schema\/logo\/image\/\",\"url\":\"https:\/\/dcggs.qroo.gob.mx\/wp-content\/uploads\/2024\/09\/logo_dcggs-1.png\",\"contentUrl\":\"https:\/\/dcggs.qroo.gob.mx\/wp-content\/uploads\/2024\/09\/logo_dcggs-1.png\",\"width\":872,\"height\":286,\"caption\":\"Despacho de la Coordinaci\u00f3n General de Gesti\u00f3n Social\"},\"image\":{\"@id\":\"https:\/\/dcggs.qroo.gob.mx\/#\/schema\/logo\/image\/\"}}]}<\/script>\n<!-- \/ Yoast SEO plugin. -->","yoast_head_json":{"title":"Normatividad - Despacho de la Coordinaci\u00f3n General de Gesti\u00f3n Social","robots":{"index":"index","follow":"follow","max-snippet":"max-snippet:-1","max-image-preview":"max-image-preview:large","max-video-preview":"max-video-preview:-1"},"canonical":"https:\/\/dcggs.qroo.gob.mx\/index.php\/normatividad\/","og_locale":"es_MX","og_type":"article","og_title":"Normatividad - Despacho de la Coordinaci\u00f3n General de Gesti\u00f3n Social","og_description":"Normatividad DECRETO LINEAMIENTOS REGLAS DE OPERACI\u00d3N","og_url":"https:\/\/dcggs.qroo.gob.mx\/index.php\/normatividad\/","og_site_name":"Despacho de la Coordinaci\u00f3n General de Gesti\u00f3n Social","article_modified_time":"2026-03-10T17:22:53+00:00","twitter_card":"summary_large_image","twitter_misc":{"Tiempo de lectura":"1 minuto"},"schema":{"@context":"https:\/\/schema.org","@graph":[{"@type":"WebPage","@id":"https:\/\/dcggs.qroo.gob.mx\/index.php\/normatividad\/","url":"https:\/\/dcggs.qroo.gob.mx\/index.php\/normatividad\/","name":"Normatividad - Despacho de la Coordinaci\u00f3n General de Gesti\u00f3n Social","isPartOf":{"@id":"https:\/\/dcggs.qroo.gob.mx\/#website"},"datePublished":"2024-10-10T21:10:32+00:00","dateModified":"2026-03-10T17:22:53+00:00","breadcrumb":{"@id":"https:\/\/dcggs.qroo.gob.mx\/index.php\/normatividad\/#breadcrumb"},"inLanguage":"es","potentialAction":[{"@type":"ReadAction","target":["https:\/\/dcggs.qroo.gob.mx\/index.php\/normatividad\/"]}]},{"@type":"BreadcrumbList","@id":"https:\/\/dcggs.qroo.gob.mx\/index.php\/normatividad\/#breadcrumb","itemListElement":[{"@type":"ListItem","position":1,"name":"Inicio","item":"https:\/\/dcggs.qroo.gob.mx\/"},{"@type":"ListItem","position":2,"name":"Normatividad"}]},{"@type":"WebSite","@id":"https:\/\/dcggs.qroo.gob.mx\/#website","url":"https:\/\/dcggs.qroo.gob.mx\/","name":"Despacho de la Coordinaci\u00f3n General de Gesti\u00f3n Social","description":"","publisher":{"@id":"https:\/\/dcggs.qroo.gob.mx\/#organization"},"potentialAction":[{"@type":"SearchAction","target":{"@type":"EntryPoint","urlTemplate":"https:\/\/dcggs.qroo.gob.mx\/?s={search_term_string}"},"query-input":{"@type":"PropertyValueSpecification","valueRequired":true,"valueName":"search_term_string"}}],"inLanguage":"es"},{"@type":"Organization","@id":"https:\/\/dcggs.qroo.gob.mx\/#organization","name":"Despacho de la Coordinaci\u00f3n General de Gesti\u00f3n Social","url":"https:\/\/dcggs.qroo.gob.mx\/","logo":{"@type":"ImageObject","inLanguage":"es","@id":"https:\/\/dcggs.qroo.gob.mx\/#\/schema\/logo\/image\/","url":"https:\/\/dcggs.qroo.gob.mx\/wp-content\/uploads\/2024\/09\/logo_dcggs-1.png","contentUrl":"https:\/\/dcggs.qroo.gob.mx\/wp-content\/uploads\/2024\/09\/logo_dcggs-1.png","width":872,"height":286,"caption":"Despacho de la Coordinaci\u00f3n General de Gesti\u00f3n Social"},"image":{"@id":"https:\/\/dcggs.qroo.gob.mx\/#\/schema\/logo\/image\/"}}]}},"_links":{"self":[{"href":"https:\/\/dcggs.qroo.gob.mx\/index.php\/wp-json\/wp\/v2\/pages\/36087","targetHints":{"allow":["GET"]}}],"collection":[{"href":"https:\/\/dcggs.qroo.gob.mx\/index.php\/wp-json\/wp\/v2\/pages"}],"about":[{"href":"https:\/\/dcggs.qroo.gob.mx\/index.php\/wp-json\/wp\/v2\/types\/page"}],"author":[{"embeddable":true,"href":"https:\/\/dcggs.qroo.gob.mx\/index.php\/wp-json\/wp\/v2\/users\/4"}],"replies":[{"embeddable":true,"href":"https:\/\/dcggs.qroo.gob.mx\/index.php\/wp-json\/wp\/v2\/comments?post=36087"}],"version-history":[{"count":43,"href":"https:\/\/dcggs.qroo.gob.mx\/index.php\/wp-json\/wp\/v2\/pages\/36087\/revisions"}],"predecessor-version":[{"id":36420,"href":"https:\/\/dcggs.qroo.gob.mx\/index.php\/wp-json\/wp\/v2\/pages\/36087\/revisions\/36420"}],"wp:attachment":[{"href":"https:\/\/dcggs.qroo.gob.mx\/index.php\/wp-json\/wp\/v2\/media?parent=36087"}],"curies":[{"name":"wp","href":"https:\/\/api.w.org\/{rel}","templated":true}]}}