{"id":36221,"date":"2025-02-24T17:08:18","date_gmt":"2025-02-24T22:08:18","guid":{"rendered":"https:\/\/dcggs.qroo.gob.mx\/?page_id=36221"},"modified":"2026-01-14T12:36:28","modified_gmt":"2026-01-14T17:36:28","slug":"avances-indicadores-2025-pp-m001","status":"publish","type":"page","link":"https:\/\/dcggs.qroo.gob.mx\/index.php\/avances-indicadores-2025-pp-m001\/","title":{"rendered":"Avances Indicadores 2025 PP.M001"},"content":{"rendered":"\t\t<div data-elementor-type=\"wp-page\" data-elementor-id=\"36221\" class=\"elementor elementor-36221\">\n\t\t\t\t<div class=\"elementor-element elementor-element-58ea69f e-flex e-con-boxed e-con e-parent\" data-id=\"58ea69f\" data-element_type=\"container\">\n\t\t\t\t\t<div class=\"e-con-inner\">\n\t\t\t\t<div class=\"elementor-element elementor-element-d1ba589 elementor-widget-divider--view-line elementor-widget elementor-widget-divider\" data-id=\"d1ba589\" data-element_type=\"widget\" data-widget_type=\"divider.default\">\n\t\t\t\t<div class=\"elementor-widget-container\">\n\t\t\t\t\t<div class=\"elementor-divider\">\n\t\t\t<span class=\"elementor-divider-separator\">\n\t\t\t\t\t\t<\/span>\n\t\t<\/div>\n\t\t\t\t<\/div>\n\t\t\t\t<\/div>\n\t\t\t\t<div class=\"elementor-element elementor-element-86dfcef elementor-widget elementor-widget-heading\" data-id=\"86dfcef\" data-element_type=\"widget\" data-widget_type=\"heading.default\">\n\t\t\t\t<div class=\"elementor-widget-container\">\n\t\t\t<h2 class=\"elementor-heading-title elementor-size-default\"><h3 data-elementor-setting-key=\"title\" data-pen-placeholder=\"Teclea aqu\u00ed...\" style=\"font-family: -apple-system, system-ui, BlinkMacSystemFont, &quot;Segoe UI&quot;, Helvetica, Arial, sans-serif, &quot;Apple Color Emoji&quot;, &quot;Segoe UI Emoji&quot;, &quot;Segoe UI Symbol&quot;; font-style: normal; outline-style: initial; outline-width: 0px; text-align: center;\">Avances Indicadores 2025 - PP.M001<span style=\"color: var(--contrast); font-family: inherit; font-size: 35px; font-style: inherit; text-align: var(--text-align); background-color: var(--base-3);\"><\/span><\/h3><\/h2>\t\t<\/div>\n\t\t\t\t<\/div>\n\t\t\t\t<div class=\"elementor-element elementor-element-e9e93b4 elementor-widget elementor-widget-text-editor\" data-id=\"e9e93b4\" data-element_type=\"widget\" data-widget_type=\"text-editor.default\">\n\t\t\t\t<div class=\"elementor-widget-container\">\n\t\t\t\t\t\t\t<ul><li>TRIMESTRE I<ul><li>FIN<\/li><li>PROP\u00d3SITO<\/li><li><a href=\"https:\/\/dcggs.qroo.gob.mx\/wp-content\/uploads\/2025\/04\/EVID-C01-I-T-M.pdf\" target=\"_blank\" rel=\"noopener\">COMPONENTE 1<\/a><\/li><li>ACTIVIDAD C1.A0101<\/li><li><a href=\"https:\/\/dcggs.qroo.gob.mx\/wp-content\/uploads\/2025\/04\/EVID-C1A0102-I-T-M.pdf\" target=\"_blank\" rel=\"noopener\">ACTIVIDAD C1.A0102<\/a><\/li><\/ul><\/li><li>TRIMESTRE II<ul><li>FIN<\/li><li>PROP\u00d3SITO<\/li><li><a href=\"https:\/\/dcggs.qroo.gob.mx\/wp-content\/uploads\/2025\/07\/Evid-C01-II-T-M.pdf\" target=\"_blank\" rel=\"noopener\">COMPONENTE 1<\/a><\/li><li>ACTIVIDAD C1.A0101<\/li><li><a href=\"https:\/\/dcggs.qroo.gob.mx\/wp-content\/uploads\/2025\/07\/Evid-C1A0102-II-T-M.pdf\" target=\"_blank\" rel=\"noopener\">ACTIVIDAD C1.A0102<\/a><\/li><\/ul><\/li><li>TRIMESTRE III<ul><li>FIN<\/li><li>PROP\u00d3SITO<\/li><li><a href=\"https:\/\/dcggs.qroo.gob.mx\/wp-content\/uploads\/2025\/10\/Evid-C01-III-T-M.pdf\" target=\"_blank\" rel=\"noopener\">COMPONENTE 1<\/a><\/li><li>ACTIVIDAD C1.A0101<\/li><li><a href=\"https:\/\/dcggs.qroo.gob.mx\/wp-content\/uploads\/2025\/10\/Evid-C1A0102-III-T-M.pdf\" target=\"_blank\" rel=\"noopener\">ACTIVIDAD C1.A0102<\/a><\/li><\/ul><\/li><li>TRIMESTRE IV<ul><li><a href=\"https:\/\/dcggs.qroo.gob.mx\/wp-content\/uploads\/2026\/01\/M001_FIN_IVTRIM25.pdf\" target=\"_blank\" rel=\"noopener\">FIN<\/a><\/li><li><a href=\"https:\/\/dcggs.qroo.gob.mx\/wp-content\/uploads\/2026\/01\/M001_PROPOSITO_IVTRIM25.pdf\" target=\"_blank\" rel=\"noopener\">PROP\u00d3SITO<\/a><\/li><li><a href=\"https:\/\/dcggs.qroo.gob.mx\/wp-content\/uploads\/2026\/01\/M001_C1_IVTRIM25.pdf\" target=\"_blank\" rel=\"noopener\">COMPONENTE 1<\/a><\/li><li><a href=\"https:\/\/dcggs.qroo.gob.mx\/wp-content\/uploads\/2026\/01\/M001_C1A101_IVTRIM25.pdf\" target=\"_blank\" rel=\"noopener\">ACTIVIDAD C1.A0101<\/a><\/li><li><a href=\"https:\/\/dcggs.qroo.gob.mx\/wp-content\/uploads\/2026\/01\/M001_C1A102_IVTRIM25.pdf\" target=\"_blank\" rel=\"noopener\">ACTIVIDAD C1.A0102<\/a><\/li><\/ul><\/li><\/ul>\t\t\t\t\t\t<\/div>\n\t\t\t\t<\/div>\n\t\t\t\t\t<\/div>\n\t\t\t\t<\/div>\n\t\t\t\t<\/div>\n\t\t","protected":false},"excerpt":{"rendered":"<p>Avances Indicadores 2025 &#8211; PP.M001 TRIMESTRE I FIN PROP\u00d3SITO COMPONENTE 1 ACTIVIDAD C1.A0101 ACTIVIDAD C1.A0102 TRIMESTRE II FIN PROP\u00d3SITO COMPONENTE 1 ACTIVIDAD C1.A0101 ACTIVIDAD C1.A0102 TRIMESTRE III FIN PROP\u00d3SITO COMPONENTE 1 ACTIVIDAD C1.A0101 ACTIVIDAD C1.A0102 TRIMESTRE IV FIN PROP\u00d3SITO COMPONENTE 1 ACTIVIDAD C1.A0101 ACTIVIDAD C1.A0102<\/p>\n","protected":false},"author":4,"featured_media":0,"parent":0,"menu_order":0,"comment_status":"closed","ping_status":"closed","template":"","meta":{"footnotes":""},"class_list":["post-36221","page","type-page","status-publish"],"yoast_head":"<!-- This site is optimized with the Yoast SEO plugin v23.4 - https:\/\/yoast.com\/wordpress\/plugins\/seo\/ -->\n<title>Avances Indicadores 2025 PP.M001 - Despacho de la Coordinaci\u00f3n General de Gesti\u00f3n Social<\/title>\n<meta name=\"robots\" content=\"index, follow, max-snippet:-1, max-image-preview:large, max-video-preview:-1\" \/>\n<link rel=\"canonical\" href=\"https:\/\/dcggs.qroo.gob.mx\/index.php\/avances-indicadores-2025-pp-m001\/\" \/>\n<meta property=\"og:locale\" content=\"es_MX\" \/>\n<meta property=\"og:type\" content=\"article\" \/>\n<meta property=\"og:title\" content=\"Avances Indicadores 2025 PP.M001 - Despacho de la Coordinaci\u00f3n General de Gesti\u00f3n Social\" \/>\n<meta property=\"og:description\" content=\"Avances Indicadores 2025 &#8211; PP.M001 TRIMESTRE I FIN PROP\u00d3SITO COMPONENTE 1 ACTIVIDAD C1.A0101 ACTIVIDAD C1.A0102 TRIMESTRE II FIN PROP\u00d3SITO COMPONENTE 1 ACTIVIDAD C1.A0101 ACTIVIDAD C1.A0102 TRIMESTRE III FIN PROP\u00d3SITO COMPONENTE 1 ACTIVIDAD C1.A0101 ACTIVIDAD C1.A0102 TRIMESTRE IV FIN PROP\u00d3SITO COMPONENTE 1 ACTIVIDAD C1.A0101 ACTIVIDAD C1.A0102\" \/>\n<meta property=\"og:url\" content=\"https:\/\/dcggs.qroo.gob.mx\/index.php\/avances-indicadores-2025-pp-m001\/\" \/>\n<meta property=\"og:site_name\" content=\"Despacho de la Coordinaci\u00f3n General de Gesti\u00f3n Social\" \/>\n<meta property=\"article:modified_time\" content=\"2026-01-14T17:36:28+00:00\" \/>\n<meta name=\"twitter:card\" content=\"summary_large_image\" \/>\n<meta name=\"twitter:label1\" content=\"Tiempo de lectura\" \/>\n\t<meta name=\"twitter:data1\" content=\"1 minuto\" \/>\n<script type=\"application\/ld+json\" class=\"yoast-schema-graph\">{\"@context\":\"https:\/\/schema.org\",\"@graph\":[{\"@type\":\"WebPage\",\"@id\":\"https:\/\/dcggs.qroo.gob.mx\/index.php\/avances-indicadores-2025-pp-m001\/\",\"url\":\"https:\/\/dcggs.qroo.gob.mx\/index.php\/avances-indicadores-2025-pp-m001\/\",\"name\":\"Avances Indicadores 2025 PP.M001 - Despacho de la Coordinaci\u00f3n General de Gesti\u00f3n Social\",\"isPartOf\":{\"@id\":\"https:\/\/dcggs.qroo.gob.mx\/#website\"},\"datePublished\":\"2025-02-24T22:08:18+00:00\",\"dateModified\":\"2026-01-14T17:36:28+00:00\",\"breadcrumb\":{\"@id\":\"https:\/\/dcggs.qroo.gob.mx\/index.php\/avances-indicadores-2025-pp-m001\/#breadcrumb\"},\"inLanguage\":\"es\",\"potentialAction\":[{\"@type\":\"ReadAction\",\"target\":[\"https:\/\/dcggs.qroo.gob.mx\/index.php\/avances-indicadores-2025-pp-m001\/\"]}]},{\"@type\":\"BreadcrumbList\",\"@id\":\"https:\/\/dcggs.qroo.gob.mx\/index.php\/avances-indicadores-2025-pp-m001\/#breadcrumb\",\"itemListElement\":[{\"@type\":\"ListItem\",\"position\":1,\"name\":\"Inicio\",\"item\":\"https:\/\/dcggs.qroo.gob.mx\/\"},{\"@type\":\"ListItem\",\"position\":2,\"name\":\"Avances Indicadores 2025 PP.M001\"}]},{\"@type\":\"WebSite\",\"@id\":\"https:\/\/dcggs.qroo.gob.mx\/#website\",\"url\":\"https:\/\/dcggs.qroo.gob.mx\/\",\"name\":\"Despacho de la Coordinaci\u00f3n General de Gesti\u00f3n Social\",\"description\":\"\",\"publisher\":{\"@id\":\"https:\/\/dcggs.qroo.gob.mx\/#organization\"},\"potentialAction\":[{\"@type\":\"SearchAction\",\"target\":{\"@type\":\"EntryPoint\",\"urlTemplate\":\"https:\/\/dcggs.qroo.gob.mx\/?s={search_term_string}\"},\"query-input\":{\"@type\":\"PropertyValueSpecification\",\"valueRequired\":true,\"valueName\":\"search_term_string\"}}],\"inLanguage\":\"es\"},{\"@type\":\"Organization\",\"@id\":\"https:\/\/dcggs.qroo.gob.mx\/#organization\",\"name\":\"Despacho de la Coordinaci\u00f3n General de Gesti\u00f3n Social\",\"url\":\"https:\/\/dcggs.qroo.gob.mx\/\",\"logo\":{\"@type\":\"ImageObject\",\"inLanguage\":\"es\",\"@id\":\"https:\/\/dcggs.qroo.gob.mx\/#\/schema\/logo\/image\/\",\"url\":\"https:\/\/dcggs.qroo.gob.mx\/wp-content\/uploads\/2024\/09\/logo_dcggs-1.png\",\"contentUrl\":\"https:\/\/dcggs.qroo.gob.mx\/wp-content\/uploads\/2024\/09\/logo_dcggs-1.png\",\"width\":872,\"height\":286,\"caption\":\"Despacho de la Coordinaci\u00f3n General de Gesti\u00f3n Social\"},\"image\":{\"@id\":\"https:\/\/dcggs.qroo.gob.mx\/#\/schema\/logo\/image\/\"}}]}<\/script>\n<!-- \/ Yoast SEO plugin. -->","yoast_head_json":{"title":"Avances Indicadores 2025 PP.M001 - Despacho de la Coordinaci\u00f3n General de Gesti\u00f3n Social","robots":{"index":"index","follow":"follow","max-snippet":"max-snippet:-1","max-image-preview":"max-image-preview:large","max-video-preview":"max-video-preview:-1"},"canonical":"https:\/\/dcggs.qroo.gob.mx\/index.php\/avances-indicadores-2025-pp-m001\/","og_locale":"es_MX","og_type":"article","og_title":"Avances Indicadores 2025 PP.M001 - Despacho de la Coordinaci\u00f3n General de Gesti\u00f3n Social","og_description":"Avances Indicadores 2025 &#8211; PP.M001 TRIMESTRE I FIN PROP\u00d3SITO COMPONENTE 1 ACTIVIDAD C1.A0101 ACTIVIDAD C1.A0102 TRIMESTRE II FIN PROP\u00d3SITO COMPONENTE 1 ACTIVIDAD C1.A0101 ACTIVIDAD C1.A0102 TRIMESTRE III FIN PROP\u00d3SITO COMPONENTE 1 ACTIVIDAD C1.A0101 ACTIVIDAD C1.A0102 TRIMESTRE IV FIN PROP\u00d3SITO COMPONENTE 1 ACTIVIDAD C1.A0101 ACTIVIDAD C1.A0102","og_url":"https:\/\/dcggs.qroo.gob.mx\/index.php\/avances-indicadores-2025-pp-m001\/","og_site_name":"Despacho de la Coordinaci\u00f3n General de Gesti\u00f3n Social","article_modified_time":"2026-01-14T17:36:28+00:00","twitter_card":"summary_large_image","twitter_misc":{"Tiempo de lectura":"1 minuto"},"schema":{"@context":"https:\/\/schema.org","@graph":[{"@type":"WebPage","@id":"https:\/\/dcggs.qroo.gob.mx\/index.php\/avances-indicadores-2025-pp-m001\/","url":"https:\/\/dcggs.qroo.gob.mx\/index.php\/avances-indicadores-2025-pp-m001\/","name":"Avances Indicadores 2025 PP.M001 - Despacho de la Coordinaci\u00f3n General de Gesti\u00f3n Social","isPartOf":{"@id":"https:\/\/dcggs.qroo.gob.mx\/#website"},"datePublished":"2025-02-24T22:08:18+00:00","dateModified":"2026-01-14T17:36:28+00:00","breadcrumb":{"@id":"https:\/\/dcggs.qroo.gob.mx\/index.php\/avances-indicadores-2025-pp-m001\/#breadcrumb"},"inLanguage":"es","potentialAction":[{"@type":"ReadAction","target":["https:\/\/dcggs.qroo.gob.mx\/index.php\/avances-indicadores-2025-pp-m001\/"]}]},{"@type":"BreadcrumbList","@id":"https:\/\/dcggs.qroo.gob.mx\/index.php\/avances-indicadores-2025-pp-m001\/#breadcrumb","itemListElement":[{"@type":"ListItem","position":1,"name":"Inicio","item":"https:\/\/dcggs.qroo.gob.mx\/"},{"@type":"ListItem","position":2,"name":"Avances Indicadores 2025 PP.M001"}]},{"@type":"WebSite","@id":"https:\/\/dcggs.qroo.gob.mx\/#website","url":"https:\/\/dcggs.qroo.gob.mx\/","name":"Despacho de la Coordinaci\u00f3n General de Gesti\u00f3n Social","description":"","publisher":{"@id":"https:\/\/dcggs.qroo.gob.mx\/#organization"},"potentialAction":[{"@type":"SearchAction","target":{"@type":"EntryPoint","urlTemplate":"https:\/\/dcggs.qroo.gob.mx\/?s={search_term_string}"},"query-input":{"@type":"PropertyValueSpecification","valueRequired":true,"valueName":"search_term_string"}}],"inLanguage":"es"},{"@type":"Organization","@id":"https:\/\/dcggs.qroo.gob.mx\/#organization","name":"Despacho de la Coordinaci\u00f3n General de Gesti\u00f3n Social","url":"https:\/\/dcggs.qroo.gob.mx\/","logo":{"@type":"ImageObject","inLanguage":"es","@id":"https:\/\/dcggs.qroo.gob.mx\/#\/schema\/logo\/image\/","url":"https:\/\/dcggs.qroo.gob.mx\/wp-content\/uploads\/2024\/09\/logo_dcggs-1.png","contentUrl":"https:\/\/dcggs.qroo.gob.mx\/wp-content\/uploads\/2024\/09\/logo_dcggs-1.png","width":872,"height":286,"caption":"Despacho de la Coordinaci\u00f3n General de Gesti\u00f3n Social"},"image":{"@id":"https:\/\/dcggs.qroo.gob.mx\/#\/schema\/logo\/image\/"}}]}},"_links":{"self":[{"href":"https:\/\/dcggs.qroo.gob.mx\/index.php\/wp-json\/wp\/v2\/pages\/36221","targetHints":{"allow":["GET"]}}],"collection":[{"href":"https:\/\/dcggs.qroo.gob.mx\/index.php\/wp-json\/wp\/v2\/pages"}],"about":[{"href":"https:\/\/dcggs.qroo.gob.mx\/index.php\/wp-json\/wp\/v2\/types\/page"}],"author":[{"embeddable":true,"href":"https:\/\/dcggs.qroo.gob.mx\/index.php\/wp-json\/wp\/v2\/users\/4"}],"replies":[{"embeddable":true,"href":"https:\/\/dcggs.qroo.gob.mx\/index.php\/wp-json\/wp\/v2\/comments?post=36221"}],"version-history":[{"count":20,"href":"https:\/\/dcggs.qroo.gob.mx\/index.php\/wp-json\/wp\/v2\/pages\/36221\/revisions"}],"predecessor-version":[{"id":36387,"href":"https:\/\/dcggs.qroo.gob.mx\/index.php\/wp-json\/wp\/v2\/pages\/36221\/revisions\/36387"}],"wp:attachment":[{"href":"https:\/\/dcggs.qroo.gob.mx\/index.php\/wp-json\/wp\/v2\/media?parent=36221"}],"curies":[{"name":"wp","href":"https:\/\/api.w.org\/{rel}","templated":true}]}}