{"id":36222,"date":"2025-02-24T17:08:42","date_gmt":"2025-02-24T22:08:42","guid":{"rendered":"https:\/\/dcggs.qroo.gob.mx\/?page_id=36222"},"modified":"2026-01-14T12:31:52","modified_gmt":"2026-01-14T17:31:52","slug":"avances-indicadores-2025-pp-s011","status":"publish","type":"page","link":"https:\/\/dcggs.qroo.gob.mx\/index.php\/avances-indicadores-2025-pp-s011\/","title":{"rendered":"Avances Indicadores 2025 PP.S011"},"content":{"rendered":"\t\t<div data-elementor-type=\"wp-page\" data-elementor-id=\"36222\" class=\"elementor elementor-36222\">\n\t\t\t\t<div class=\"elementor-element elementor-element-0990417 e-con-full e-flex e-con e-parent\" data-id=\"0990417\" data-element_type=\"container\">\n\t\t\t\t<div class=\"elementor-element elementor-element-68b77df elementor-widget-divider--view-line elementor-widget elementor-widget-divider\" data-id=\"68b77df\" data-element_type=\"widget\" data-widget_type=\"divider.default\">\n\t\t\t\t<div class=\"elementor-widget-container\">\n\t\t\t\t\t<div class=\"elementor-divider\">\n\t\t\t<span class=\"elementor-divider-separator\">\n\t\t\t\t\t\t<\/span>\n\t\t<\/div>\n\t\t\t\t<\/div>\n\t\t\t\t<\/div>\n\t\t\t\t<div class=\"elementor-element elementor-element-c1c37dd elementor-widget elementor-widget-heading\" data-id=\"c1c37dd\" data-element_type=\"widget\" data-widget_type=\"heading.default\">\n\t\t\t\t<div class=\"elementor-widget-container\">\n\t\t\t<h3 class=\"elementor-heading-title elementor-size-default\">Avances Indicadores 2025 - PP.S011<\/h3>\t\t<\/div>\n\t\t\t\t<\/div>\n\t\t\t\t<div class=\"elementor-element elementor-element-5748dae elementor-widget elementor-widget-text-editor\" data-id=\"5748dae\" data-element_type=\"widget\" data-widget_type=\"text-editor.default\">\n\t\t\t\t<div class=\"elementor-widget-container\">\n\t\t\t\t\t\t\t<ul><li>TRIMESTRE I<ul><li>FIN<\/li><li>PROP\u00d3SITO<\/li><li><a href=\"https:\/\/dcggs.qroo.gob.mx\/wp-content\/uploads\/2025\/04\/EVID-C01-I-T-S.pdf\" target=\"_blank\" rel=\"noopener\">COMPONENTE 1<\/a><\/li><li><a href=\"https:\/\/dcggs.qroo.gob.mx\/wp-content\/uploads\/2025\/04\/EVID-C01A01-I-T.pdf\" target=\"_blank\" rel=\"noopener\">ACTIVIDAD C1 A1<\/a><\/li><li><a href=\"https:\/\/dcggs.qroo.gob.mx\/wp-content\/uploads\/2025\/04\/EVID-C01A02-I-T.pdf\" target=\"_blank\" rel=\"noopener\">ACTIVIDAD C1 A2<\/a><\/li><li><a href=\"https:\/\/dcggs.qroo.gob.mx\/wp-content\/uploads\/2025\/04\/EVID-C02-I-T-S.pdf\" target=\"_blank\" rel=\"noopener\">COMPONENTE 2<\/a><\/li><li><a href=\"https:\/\/dcggs.qroo.gob.mx\/wp-content\/uploads\/2025\/04\/EVID-C02A01-I-T-.pdf\" target=\"_blank\" rel=\"noopener\">ACTIVIDAD C2 A1<\/a><\/li><li><a href=\"https:\/\/dcggs.qroo.gob.mx\/wp-content\/uploads\/2025\/04\/EVID-C02A02-I-T.pdf\" target=\"_blank\" rel=\"noopener\">ACTIVIDAD C2 A2<\/a><\/li><\/ul><\/li><li>TRIMESTRE II<ul><li>FIN<\/li><li>PROP\u00d3SITO<\/li><li><a href=\"https:\/\/dcggs.qroo.gob.mx\/wp-content\/uploads\/2025\/07\/Evid-C01-II-T-S.pdf\" target=\"_blank\" rel=\"noopener\">COMPONENTE 1<\/a><\/li><li><a href=\"https:\/\/dcggs.qroo.gob.mx\/wp-content\/uploads\/2025\/07\/Evid-C01A01-II-T-S.pdf\" target=\"_blank\" rel=\"noopener\">ACTIVIDAD C1.A1<\/a><\/li><li><a href=\"https:\/\/dcggs.qroo.gob.mx\/wp-content\/uploads\/2025\/07\/Evid-C01A02-II-T-S.pdf\" target=\"_blank\" rel=\"noopener\">ACTIVIDAD C1.A2<\/a><\/li><li><a href=\"https:\/\/dcggs.qroo.gob.mx\/wp-content\/uploads\/2025\/07\/Evid-C02-II-T-S.pdf\" target=\"_blank\" rel=\"noopener\">COMPONENTE 2<\/a><\/li><li><a href=\"https:\/\/dcggs.qroo.gob.mx\/wp-content\/uploads\/2025\/07\/Evid-C02A01-II-T-S.pdf\" target=\"_blank\" rel=\"noopener\">ACTIVIDAD C2 A1<\/a><\/li><li><a href=\"https:\/\/dcggs.qroo.gob.mx\/wp-content\/uploads\/2025\/07\/Evid-C02A02-II-T-S.pdf\" target=\"_blank\" rel=\"noopener\">ACTIVIDAD C2 A2<\/a><\/li><\/ul><\/li><li>TRIMESTRE III<ul><li>FIN<\/li><li>PROP\u00d3SITO<\/li><li><a href=\"https:\/\/dcggs.qroo.gob.mx\/wp-content\/uploads\/2025\/10\/Evid-C01-III-T-S_S011.pdf\" target=\"_blank\" rel=\"noopener\">COMPONENTE 1<\/a><\/li><li><a href=\"https:\/\/dcggs.qroo.gob.mx\/wp-content\/uploads\/2025\/10\/Evid-C01A01-III-T-S_S011.pdf\" target=\"_blank\" rel=\"noopener\">ACTIVIDAD C1.A1<\/a><\/li><li><a href=\"https:\/\/dcggs.qroo.gob.mx\/wp-content\/uploads\/2025\/10\/Evid-C01A02-III-T-S_S011.pdf\" target=\"_blank\" rel=\"noopener\">ACTIVIDAD C1.A2<\/a><\/li><li><a href=\"https:\/\/dcggs.qroo.gob.mx\/wp-content\/uploads\/2025\/10\/Evid-C02-III-T-S_S011.pdf\" target=\"_blank\" rel=\"noopener\">COMPONENTE 2<\/a><\/li><li><a href=\"https:\/\/dcggs.qroo.gob.mx\/wp-content\/uploads\/2025\/10\/Evid-C02A01-III-T-S_S011.pdf\" target=\"_blank\" rel=\"noopener\">ACTIVIDAD C2 A1<\/a><\/li><li><a href=\"https:\/\/dcggs.qroo.gob.mx\/wp-content\/uploads\/2025\/10\/Evid-C02A02-III-T-S_S011.pdf\" target=\"_blank\" rel=\"noopener\">ACTIVIDAD C2 A2<\/a><\/li><\/ul><\/li><li>TRIMESTRE IV<ul><li><a href=\"https:\/\/dcggs.qroo.gob.mx\/wp-content\/uploads\/2026\/01\/S011_FIN_IVTRIM25.pdf\" target=\"_blank\" rel=\"noopener\">FIN<\/a><\/li><li><a href=\"https:\/\/dcggs.qroo.gob.mx\/wp-content\/uploads\/2026\/01\/S011_PROPOSITO_IVTRIM25.pdf\" target=\"_blank\" rel=\"noopener\">PROP\u00d3SITO<\/a><\/li><li><a href=\"https:\/\/dcggs.qroo.gob.mx\/wp-content\/uploads\/2026\/01\/S011_C1_IVTRIM25.pdf\" target=\"_blank\" rel=\"noopener\">COMPONENTE 1<\/a><\/li><li><a href=\"https:\/\/dcggs.qroo.gob.mx\/wp-content\/uploads\/2026\/01\/S011_C1A1_IVTRIM25.pdf\" target=\"_blank\" rel=\"noopener\">ACTIVIDAD C1.A1<\/a><\/li><li><a href=\"https:\/\/dcggs.qroo.gob.mx\/wp-content\/uploads\/2026\/01\/S011_C1A2_IVTRIM25.pdf\" target=\"_blank\" rel=\"noopener\">ACTIVIDAD C1.A2<\/a><\/li><li><a href=\"https:\/\/dcggs.qroo.gob.mx\/wp-content\/uploads\/2026\/01\/S011_C2_IVTRIM25.pdf\" target=\"_blank\" rel=\"noopener\">COMPONENTE 2<\/a><\/li><li><a href=\"https:\/\/dcggs.qroo.gob.mx\/wp-content\/uploads\/2026\/01\/S011_C2A1_IVTRIM25.pdf\" target=\"_blank\" rel=\"noopener\">ACTIVIDAD C2 A1<\/a><\/li><li><a href=\"https:\/\/dcggs.qroo.gob.mx\/wp-content\/uploads\/2026\/01\/S011_C2A2_IVTRIM25.pdf\" target=\"_blank\" rel=\"noopener\">ACTIVIDAD C2 A2<\/a><\/li><\/ul><\/li><\/ul>\t\t\t\t\t\t<\/div>\n\t\t\t\t<\/div>\n\t\t\t\t<\/div>\n\t\t<div class=\"elementor-element elementor-element-8c3ada9 e-flex e-con-boxed e-con e-parent\" data-id=\"8c3ada9\" data-element_type=\"container\">\n\t\t\t\t\t<div class=\"e-con-inner\">\n\t\t\t\t\t<\/div>\n\t\t\t\t<\/div>\n\t\t\t\t<\/div>\n\t\t","protected":false},"excerpt":{"rendered":"<p>Avances Indicadores 2025 &#8211; PP.S011 TRIMESTRE I FIN PROP\u00d3SITO COMPONENTE 1 ACTIVIDAD C1 A1 ACTIVIDAD C1 A2 COMPONENTE 2 ACTIVIDAD C2 A1 ACTIVIDAD C2 A2 TRIMESTRE II FIN PROP\u00d3SITO COMPONENTE 1 ACTIVIDAD C1.A1 ACTIVIDAD C1.A2 COMPONENTE 2 ACTIVIDAD C2 A1 ACTIVIDAD C2 A2 TRIMESTRE III FIN PROP\u00d3SITO COMPONENTE 1 ACTIVIDAD C1.A1 ACTIVIDAD C1.A2 COMPONENTE 2 &#8230; <a title=\"Avances Indicadores 2025 PP.S011\" class=\"read-more\" href=\"https:\/\/dcggs.qroo.gob.mx\/index.php\/avances-indicadores-2025-pp-s011\/\" aria-label=\"Leer m\u00e1s sobre Avances Indicadores 2025 PP.S011\">Leer m\u00e1s<\/a><\/p>\n","protected":false},"author":4,"featured_media":0,"parent":0,"menu_order":0,"comment_status":"closed","ping_status":"closed","template":"","meta":{"footnotes":""},"class_list":["post-36222","page","type-page","status-publish"],"yoast_head":"<!-- This site is optimized with the Yoast SEO plugin v23.4 - https:\/\/yoast.com\/wordpress\/plugins\/seo\/ -->\n<title>Avances Indicadores 2025 PP.S011 - Despacho de la Coordinaci\u00f3n General de Gesti\u00f3n Social<\/title>\n<meta name=\"robots\" content=\"index, follow, max-snippet:-1, max-image-preview:large, max-video-preview:-1\" \/>\n<link rel=\"canonical\" href=\"https:\/\/dcggs.qroo.gob.mx\/index.php\/avances-indicadores-2025-pp-s011\/\" \/>\n<meta property=\"og:locale\" content=\"es_MX\" \/>\n<meta property=\"og:type\" content=\"article\" \/>\n<meta property=\"og:title\" content=\"Avances Indicadores 2025 PP.S011 - Despacho de la Coordinaci\u00f3n General de Gesti\u00f3n Social\" \/>\n<meta property=\"og:description\" content=\"Avances Indicadores 2025 &#8211; PP.S011 TRIMESTRE I FIN PROP\u00d3SITO COMPONENTE 1 ACTIVIDAD C1 A1 ACTIVIDAD C1 A2 COMPONENTE 2 ACTIVIDAD C2 A1 ACTIVIDAD C2 A2 TRIMESTRE II FIN PROP\u00d3SITO COMPONENTE 1 ACTIVIDAD C1.A1 ACTIVIDAD C1.A2 COMPONENTE 2 ACTIVIDAD C2 A1 ACTIVIDAD C2 A2 TRIMESTRE III FIN PROP\u00d3SITO COMPONENTE 1 ACTIVIDAD C1.A1 ACTIVIDAD C1.A2 COMPONENTE 2 ... Leer m\u00e1s\" \/>\n<meta property=\"og:url\" content=\"https:\/\/dcggs.qroo.gob.mx\/index.php\/avances-indicadores-2025-pp-s011\/\" \/>\n<meta property=\"og:site_name\" content=\"Despacho de la Coordinaci\u00f3n General de Gesti\u00f3n Social\" \/>\n<meta property=\"article:modified_time\" content=\"2026-01-14T17:31:52+00:00\" \/>\n<meta name=\"twitter:card\" content=\"summary_large_image\" \/>\n<meta name=\"twitter:label1\" content=\"Tiempo de lectura\" \/>\n\t<meta name=\"twitter:data1\" content=\"1 minuto\" \/>\n<script type=\"application\/ld+json\" class=\"yoast-schema-graph\">{\"@context\":\"https:\/\/schema.org\",\"@graph\":[{\"@type\":\"WebPage\",\"@id\":\"https:\/\/dcggs.qroo.gob.mx\/index.php\/avances-indicadores-2025-pp-s011\/\",\"url\":\"https:\/\/dcggs.qroo.gob.mx\/index.php\/avances-indicadores-2025-pp-s011\/\",\"name\":\"Avances Indicadores 2025 PP.S011 - Despacho de la Coordinaci\u00f3n General de Gesti\u00f3n Social\",\"isPartOf\":{\"@id\":\"https:\/\/dcggs.qroo.gob.mx\/#website\"},\"datePublished\":\"2025-02-24T22:08:42+00:00\",\"dateModified\":\"2026-01-14T17:31:52+00:00\",\"breadcrumb\":{\"@id\":\"https:\/\/dcggs.qroo.gob.mx\/index.php\/avances-indicadores-2025-pp-s011\/#breadcrumb\"},\"inLanguage\":\"es\",\"potentialAction\":[{\"@type\":\"ReadAction\",\"target\":[\"https:\/\/dcggs.qroo.gob.mx\/index.php\/avances-indicadores-2025-pp-s011\/\"]}]},{\"@type\":\"BreadcrumbList\",\"@id\":\"https:\/\/dcggs.qroo.gob.mx\/index.php\/avances-indicadores-2025-pp-s011\/#breadcrumb\",\"itemListElement\":[{\"@type\":\"ListItem\",\"position\":1,\"name\":\"Inicio\",\"item\":\"https:\/\/dcggs.qroo.gob.mx\/\"},{\"@type\":\"ListItem\",\"position\":2,\"name\":\"Avances Indicadores 2025 PP.S011\"}]},{\"@type\":\"WebSite\",\"@id\":\"https:\/\/dcggs.qroo.gob.mx\/#website\",\"url\":\"https:\/\/dcggs.qroo.gob.mx\/\",\"name\":\"Despacho de la Coordinaci\u00f3n General de Gesti\u00f3n Social\",\"description\":\"\",\"publisher\":{\"@id\":\"https:\/\/dcggs.qroo.gob.mx\/#organization\"},\"potentialAction\":[{\"@type\":\"SearchAction\",\"target\":{\"@type\":\"EntryPoint\",\"urlTemplate\":\"https:\/\/dcggs.qroo.gob.mx\/?s={search_term_string}\"},\"query-input\":{\"@type\":\"PropertyValueSpecification\",\"valueRequired\":true,\"valueName\":\"search_term_string\"}}],\"inLanguage\":\"es\"},{\"@type\":\"Organization\",\"@id\":\"https:\/\/dcggs.qroo.gob.mx\/#organization\",\"name\":\"Despacho de la Coordinaci\u00f3n General de Gesti\u00f3n Social\",\"url\":\"https:\/\/dcggs.qroo.gob.mx\/\",\"logo\":{\"@type\":\"ImageObject\",\"inLanguage\":\"es\",\"@id\":\"https:\/\/dcggs.qroo.gob.mx\/#\/schema\/logo\/image\/\",\"url\":\"https:\/\/dcggs.qroo.gob.mx\/wp-content\/uploads\/2024\/09\/logo_dcggs-1.png\",\"contentUrl\":\"https:\/\/dcggs.qroo.gob.mx\/wp-content\/uploads\/2024\/09\/logo_dcggs-1.png\",\"width\":872,\"height\":286,\"caption\":\"Despacho de la Coordinaci\u00f3n General de Gesti\u00f3n Social\"},\"image\":{\"@id\":\"https:\/\/dcggs.qroo.gob.mx\/#\/schema\/logo\/image\/\"}}]}<\/script>\n<!-- \/ Yoast SEO plugin. -->","yoast_head_json":{"title":"Avances Indicadores 2025 PP.S011 - Despacho de la Coordinaci\u00f3n General de Gesti\u00f3n Social","robots":{"index":"index","follow":"follow","max-snippet":"max-snippet:-1","max-image-preview":"max-image-preview:large","max-video-preview":"max-video-preview:-1"},"canonical":"https:\/\/dcggs.qroo.gob.mx\/index.php\/avances-indicadores-2025-pp-s011\/","og_locale":"es_MX","og_type":"article","og_title":"Avances Indicadores 2025 PP.S011 - Despacho de la Coordinaci\u00f3n General de Gesti\u00f3n Social","og_description":"Avances Indicadores 2025 &#8211; PP.S011 TRIMESTRE I FIN PROP\u00d3SITO COMPONENTE 1 ACTIVIDAD C1 A1 ACTIVIDAD C1 A2 COMPONENTE 2 ACTIVIDAD C2 A1 ACTIVIDAD C2 A2 TRIMESTRE II FIN PROP\u00d3SITO COMPONENTE 1 ACTIVIDAD C1.A1 ACTIVIDAD C1.A2 COMPONENTE 2 ACTIVIDAD C2 A1 ACTIVIDAD C2 A2 TRIMESTRE III FIN PROP\u00d3SITO COMPONENTE 1 ACTIVIDAD C1.A1 ACTIVIDAD C1.A2 COMPONENTE 2 ... Leer m\u00e1s","og_url":"https:\/\/dcggs.qroo.gob.mx\/index.php\/avances-indicadores-2025-pp-s011\/","og_site_name":"Despacho de la Coordinaci\u00f3n General de Gesti\u00f3n Social","article_modified_time":"2026-01-14T17:31:52+00:00","twitter_card":"summary_large_image","twitter_misc":{"Tiempo de lectura":"1 minuto"},"schema":{"@context":"https:\/\/schema.org","@graph":[{"@type":"WebPage","@id":"https:\/\/dcggs.qroo.gob.mx\/index.php\/avances-indicadores-2025-pp-s011\/","url":"https:\/\/dcggs.qroo.gob.mx\/index.php\/avances-indicadores-2025-pp-s011\/","name":"Avances Indicadores 2025 PP.S011 - Despacho de la Coordinaci\u00f3n General de Gesti\u00f3n Social","isPartOf":{"@id":"https:\/\/dcggs.qroo.gob.mx\/#website"},"datePublished":"2025-02-24T22:08:42+00:00","dateModified":"2026-01-14T17:31:52+00:00","breadcrumb":{"@id":"https:\/\/dcggs.qroo.gob.mx\/index.php\/avances-indicadores-2025-pp-s011\/#breadcrumb"},"inLanguage":"es","potentialAction":[{"@type":"ReadAction","target":["https:\/\/dcggs.qroo.gob.mx\/index.php\/avances-indicadores-2025-pp-s011\/"]}]},{"@type":"BreadcrumbList","@id":"https:\/\/dcggs.qroo.gob.mx\/index.php\/avances-indicadores-2025-pp-s011\/#breadcrumb","itemListElement":[{"@type":"ListItem","position":1,"name":"Inicio","item":"https:\/\/dcggs.qroo.gob.mx\/"},{"@type":"ListItem","position":2,"name":"Avances Indicadores 2025 PP.S011"}]},{"@type":"WebSite","@id":"https:\/\/dcggs.qroo.gob.mx\/#website","url":"https:\/\/dcggs.qroo.gob.mx\/","name":"Despacho de la Coordinaci\u00f3n General de Gesti\u00f3n Social","description":"","publisher":{"@id":"https:\/\/dcggs.qroo.gob.mx\/#organization"},"potentialAction":[{"@type":"SearchAction","target":{"@type":"EntryPoint","urlTemplate":"https:\/\/dcggs.qroo.gob.mx\/?s={search_term_string}"},"query-input":{"@type":"PropertyValueSpecification","valueRequired":true,"valueName":"search_term_string"}}],"inLanguage":"es"},{"@type":"Organization","@id":"https:\/\/dcggs.qroo.gob.mx\/#organization","name":"Despacho de la Coordinaci\u00f3n General de Gesti\u00f3n Social","url":"https:\/\/dcggs.qroo.gob.mx\/","logo":{"@type":"ImageObject","inLanguage":"es","@id":"https:\/\/dcggs.qroo.gob.mx\/#\/schema\/logo\/image\/","url":"https:\/\/dcggs.qroo.gob.mx\/wp-content\/uploads\/2024\/09\/logo_dcggs-1.png","contentUrl":"https:\/\/dcggs.qroo.gob.mx\/wp-content\/uploads\/2024\/09\/logo_dcggs-1.png","width":872,"height":286,"caption":"Despacho de la Coordinaci\u00f3n General de Gesti\u00f3n Social"},"image":{"@id":"https:\/\/dcggs.qroo.gob.mx\/#\/schema\/logo\/image\/"}}]}},"_links":{"self":[{"href":"https:\/\/dcggs.qroo.gob.mx\/index.php\/wp-json\/wp\/v2\/pages\/36222","targetHints":{"allow":["GET"]}}],"collection":[{"href":"https:\/\/dcggs.qroo.gob.mx\/index.php\/wp-json\/wp\/v2\/pages"}],"about":[{"href":"https:\/\/dcggs.qroo.gob.mx\/index.php\/wp-json\/wp\/v2\/types\/page"}],"author":[{"embeddable":true,"href":"https:\/\/dcggs.qroo.gob.mx\/index.php\/wp-json\/wp\/v2\/users\/4"}],"replies":[{"embeddable":true,"href":"https:\/\/dcggs.qroo.gob.mx\/index.php\/wp-json\/wp\/v2\/comments?post=36222"}],"version-history":[{"count":28,"href":"https:\/\/dcggs.qroo.gob.mx\/index.php\/wp-json\/wp\/v2\/pages\/36222\/revisions"}],"predecessor-version":[{"id":36361,"href":"https:\/\/dcggs.qroo.gob.mx\/index.php\/wp-json\/wp\/v2\/pages\/36222\/revisions\/36361"}],"wp:attachment":[{"href":"https:\/\/dcggs.qroo.gob.mx\/index.php\/wp-json\/wp\/v2\/media?parent=36222"}],"curies":[{"name":"wp","href":"https:\/\/api.w.org\/{rel}","templated":true}]}}