{"id":36409,"date":"2026-03-10T12:13:20","date_gmt":"2026-03-10T17:13:20","guid":{"rendered":"https:\/\/dcggs.qroo.gob.mx\/?page_id=36409"},"modified":"2026-03-10T12:18:38","modified_gmt":"2026-03-10T17:18:38","slug":"reglas-de-operacion","status":"publish","type":"page","link":"https:\/\/dcggs.qroo.gob.mx\/index.php\/reglas-de-operacion\/","title":{"rendered":"Reglas de Operaci\u00f3n"},"content":{"rendered":"\t\t<div data-elementor-type=\"wp-page\" data-elementor-id=\"36409\" class=\"elementor elementor-36409\">\n\t\t\t\t<div class=\"elementor-element elementor-element-545d183 e-flex e-con-boxed e-con e-parent\" data-id=\"545d183\" data-element_type=\"container\">\n\t\t\t\t\t<div class=\"e-con-inner\">\n\t\t\t\t<div class=\"elementor-element elementor-element-6d48551 elementor-widget elementor-widget-heading\" data-id=\"6d48551\" data-element_type=\"widget\" data-widget_type=\"heading.default\">\n\t\t\t\t<div class=\"elementor-widget-container\">\n\t\t\t<h3 class=\"elementor-heading-title elementor-size-default\">Reglas de Operaci\u00f3n<\/h3>\t\t<\/div>\n\t\t\t\t<\/div>\n\t\t\t\t\t<\/div>\n\t\t\t\t<\/div>\n\t\t<div class=\"elementor-element elementor-element-33b5963 e-flex e-con-boxed e-con e-parent\" data-id=\"33b5963\" data-element_type=\"container\">\n\t\t\t\t\t<div class=\"e-con-inner\">\n\t\t\t\t<div class=\"elementor-element elementor-element-d06b67b elementor-widget elementor-widget-toggle\" data-id=\"d06b67b\" data-element_type=\"widget\" data-widget_type=\"toggle.default\">\n\t\t\t\t<div class=\"elementor-widget-container\">\n\t\t\t\t\t<div class=\"elementor-toggle\">\n\t\t\t\t\t\t\t<div class=\"elementor-toggle-item\">\n\t\t\t\t\t<div id=\"elementor-tab-title-2181\" class=\"elementor-tab-title\" data-tab=\"1\" role=\"button\" aria-controls=\"elementor-tab-content-2181\" aria-expanded=\"false\">\n\t\t\t\t\t\t\t\t\t\t\t\t<span class=\"elementor-toggle-icon elementor-toggle-icon-left\" aria-hidden=\"true\">\n\t\t\t\t\t\t\t\t\t\t\t\t\t\t\t<span class=\"elementor-toggle-icon-closed\"><svg class=\"e-font-icon-svg e-fas-caret-right\" viewBox=\"0 0 192 512\" xmlns=\"http:\/\/www.w3.org\/2000\/svg\"><path d=\"M0 384.662V127.338c0-17.818 21.543-26.741 34.142-14.142l128.662 128.662c7.81 7.81 7.81 20.474 0 28.284L34.142 398.804C21.543 411.404 0 402.48 0 384.662z\"><\/path><\/svg><\/span>\n\t\t\t\t\t\t\t\t<span class=\"elementor-toggle-icon-opened\"><svg class=\"elementor-toggle-icon-opened e-font-icon-svg e-fas-caret-up\" viewBox=\"0 0 320 512\" xmlns=\"http:\/\/www.w3.org\/2000\/svg\"><path d=\"M288.662 352H31.338c-17.818 0-26.741-21.543-14.142-34.142l128.662-128.662c7.81-7.81 20.474-7.81 28.284 0l128.662 128.662c12.6 12.599 3.676 34.142-14.142 34.142z\"><\/path><\/svg><\/span>\n\t\t\t\t\t\t\t\t\t\t\t\t\t<\/span>\n\t\t\t\t\t\t\t\t\t\t\t\t<a class=\"elementor-toggle-title\" tabindex=\"0\">2026<\/a>\n\t\t\t\t\t<\/div>\n\n\t\t\t\t\t<div id=\"elementor-tab-content-2181\" class=\"elementor-tab-content elementor-clearfix\" data-tab=\"1\" role=\"region\" aria-labelledby=\"elementor-tab-title-2181\"><p><a href=\"https:\/\/dcggs.qroo.gob.mx\/wp-content\/uploads\/2026\/03\/PeriodicoOficial_ORDINARIO-3_2026-02-27.pdf\" target=\"_blank\" rel=\"noopener\">Ver Documento<\/a><\/p><\/div>\n\t\t\t\t<\/div>\n\t\t\t\t\t\t\t<div class=\"elementor-toggle-item\">\n\t\t\t\t\t<div id=\"elementor-tab-title-2182\" class=\"elementor-tab-title\" data-tab=\"2\" role=\"button\" aria-controls=\"elementor-tab-content-2182\" aria-expanded=\"false\">\n\t\t\t\t\t\t\t\t\t\t\t\t<span class=\"elementor-toggle-icon elementor-toggle-icon-left\" aria-hidden=\"true\">\n\t\t\t\t\t\t\t\t\t\t\t\t\t\t\t<span class=\"elementor-toggle-icon-closed\"><svg class=\"e-font-icon-svg e-fas-caret-right\" viewBox=\"0 0 192 512\" xmlns=\"http:\/\/www.w3.org\/2000\/svg\"><path d=\"M0 384.662V127.338c0-17.818 21.543-26.741 34.142-14.142l128.662 128.662c7.81 7.81 7.81 20.474 0 28.284L34.142 398.804C21.543 411.404 0 402.48 0 384.662z\"><\/path><\/svg><\/span>\n\t\t\t\t\t\t\t\t<span class=\"elementor-toggle-icon-opened\"><svg class=\"elementor-toggle-icon-opened e-font-icon-svg e-fas-caret-up\" viewBox=\"0 0 320 512\" xmlns=\"http:\/\/www.w3.org\/2000\/svg\"><path d=\"M288.662 352H31.338c-17.818 0-26.741-21.543-14.142-34.142l128.662-128.662c7.81-7.81 20.474-7.81 28.284 0l128.662 128.662c12.6 12.599 3.676 34.142-14.142 34.142z\"><\/path><\/svg><\/span>\n\t\t\t\t\t\t\t\t\t\t\t\t\t<\/span>\n\t\t\t\t\t\t\t\t\t\t\t\t<a class=\"elementor-toggle-title\" tabindex=\"0\">2025<\/a>\n\t\t\t\t\t<\/div>\n\n\t\t\t\t\t<div id=\"elementor-tab-content-2182\" class=\"elementor-tab-content elementor-clearfix\" data-tab=\"2\" role=\"region\" aria-labelledby=\"elementor-tab-title-2182\"><p><a href=\"https:\/\/dcggs.qroo.gob.mx\/wp-content\/uploads\/2025\/02\/REGLAS-DE-OPERACION_GESTION-SOCIAL_ORDINARIO_13_compressed.pdf\" target=\"_blank\" rel=\"noopener\">Ver Documento<\/a><\/p><\/div>\n\t\t\t\t<\/div>\n\t\t\t\t\t\t\t\t<\/div>\n\t\t\t\t<\/div>\n\t\t\t\t<\/div>\n\t\t\t\t\t<\/div>\n\t\t\t\t<\/div>\n\t\t\t\t<\/div>\n\t\t","protected":false},"excerpt":{"rendered":"<p>Reglas de Operaci\u00f3n 2026 Ver Documento 2025 Ver Documento<\/p>\n","protected":false},"author":4,"featured_media":0,"parent":0,"menu_order":0,"comment_status":"closed","ping_status":"closed","template":"","meta":{"footnotes":""},"class_list":["post-36409","page","type-page","status-publish"],"yoast_head":"<!-- This site is optimized with the Yoast SEO plugin v23.4 - https:\/\/yoast.com\/wordpress\/plugins\/seo\/ -->\n<title>Reglas de Operaci\u00f3n - Despacho de la Coordinaci\u00f3n General de Gesti\u00f3n Social<\/title>\n<meta name=\"robots\" content=\"index, follow, max-snippet:-1, max-image-preview:large, max-video-preview:-1\" \/>\n<link rel=\"canonical\" href=\"https:\/\/dcggs.qroo.gob.mx\/index.php\/reglas-de-operacion\/\" \/>\n<meta property=\"og:locale\" content=\"es_MX\" \/>\n<meta property=\"og:type\" content=\"article\" \/>\n<meta property=\"og:title\" content=\"Reglas de Operaci\u00f3n - Despacho de la Coordinaci\u00f3n General de Gesti\u00f3n Social\" \/>\n<meta property=\"og:description\" content=\"Reglas de Operaci\u00f3n 2026 Ver Documento 2025 Ver Documento\" \/>\n<meta property=\"og:url\" content=\"https:\/\/dcggs.qroo.gob.mx\/index.php\/reglas-de-operacion\/\" \/>\n<meta property=\"og:site_name\" content=\"Despacho de la Coordinaci\u00f3n General de Gesti\u00f3n Social\" \/>\n<meta property=\"article:modified_time\" content=\"2026-03-10T17:18:38+00:00\" \/>\n<meta name=\"twitter:card\" content=\"summary_large_image\" \/>\n<meta name=\"twitter:label1\" content=\"Tiempo de lectura\" \/>\n\t<meta name=\"twitter:data1\" content=\"1 minuto\" \/>\n<script type=\"application\/ld+json\" class=\"yoast-schema-graph\">{\"@context\":\"https:\/\/schema.org\",\"@graph\":[{\"@type\":\"WebPage\",\"@id\":\"https:\/\/dcggs.qroo.gob.mx\/index.php\/reglas-de-operacion\/\",\"url\":\"https:\/\/dcggs.qroo.gob.mx\/index.php\/reglas-de-operacion\/\",\"name\":\"Reglas de Operaci\u00f3n - Despacho de la Coordinaci\u00f3n General de Gesti\u00f3n Social\",\"isPartOf\":{\"@id\":\"https:\/\/dcggs.qroo.gob.mx\/#website\"},\"datePublished\":\"2026-03-10T17:13:20+00:00\",\"dateModified\":\"2026-03-10T17:18:38+00:00\",\"breadcrumb\":{\"@id\":\"https:\/\/dcggs.qroo.gob.mx\/index.php\/reglas-de-operacion\/#breadcrumb\"},\"inLanguage\":\"es\",\"potentialAction\":[{\"@type\":\"ReadAction\",\"target\":[\"https:\/\/dcggs.qroo.gob.mx\/index.php\/reglas-de-operacion\/\"]}]},{\"@type\":\"BreadcrumbList\",\"@id\":\"https:\/\/dcggs.qroo.gob.mx\/index.php\/reglas-de-operacion\/#breadcrumb\",\"itemListElement\":[{\"@type\":\"ListItem\",\"position\":1,\"name\":\"Inicio\",\"item\":\"https:\/\/dcggs.qroo.gob.mx\/\"},{\"@type\":\"ListItem\",\"position\":2,\"name\":\"Reglas de Operaci\u00f3n\"}]},{\"@type\":\"WebSite\",\"@id\":\"https:\/\/dcggs.qroo.gob.mx\/#website\",\"url\":\"https:\/\/dcggs.qroo.gob.mx\/\",\"name\":\"Despacho de la Coordinaci\u00f3n General de Gesti\u00f3n Social\",\"description\":\"\",\"publisher\":{\"@id\":\"https:\/\/dcggs.qroo.gob.mx\/#organization\"},\"potentialAction\":[{\"@type\":\"SearchAction\",\"target\":{\"@type\":\"EntryPoint\",\"urlTemplate\":\"https:\/\/dcggs.qroo.gob.mx\/?s={search_term_string}\"},\"query-input\":{\"@type\":\"PropertyValueSpecification\",\"valueRequired\":true,\"valueName\":\"search_term_string\"}}],\"inLanguage\":\"es\"},{\"@type\":\"Organization\",\"@id\":\"https:\/\/dcggs.qroo.gob.mx\/#organization\",\"name\":\"Despacho de la Coordinaci\u00f3n General de Gesti\u00f3n Social\",\"url\":\"https:\/\/dcggs.qroo.gob.mx\/\",\"logo\":{\"@type\":\"ImageObject\",\"inLanguage\":\"es\",\"@id\":\"https:\/\/dcggs.qroo.gob.mx\/#\/schema\/logo\/image\/\",\"url\":\"https:\/\/dcggs.qroo.gob.mx\/wp-content\/uploads\/2024\/09\/logo_dcggs-1.png\",\"contentUrl\":\"https:\/\/dcggs.qroo.gob.mx\/wp-content\/uploads\/2024\/09\/logo_dcggs-1.png\",\"width\":872,\"height\":286,\"caption\":\"Despacho de la Coordinaci\u00f3n General de Gesti\u00f3n Social\"},\"image\":{\"@id\":\"https:\/\/dcggs.qroo.gob.mx\/#\/schema\/logo\/image\/\"}}]}<\/script>\n<!-- \/ Yoast SEO plugin. -->","yoast_head_json":{"title":"Reglas de Operaci\u00f3n - Despacho de la Coordinaci\u00f3n General de Gesti\u00f3n Social","robots":{"index":"index","follow":"follow","max-snippet":"max-snippet:-1","max-image-preview":"max-image-preview:large","max-video-preview":"max-video-preview:-1"},"canonical":"https:\/\/dcggs.qroo.gob.mx\/index.php\/reglas-de-operacion\/","og_locale":"es_MX","og_type":"article","og_title":"Reglas de Operaci\u00f3n - Despacho de la Coordinaci\u00f3n General de Gesti\u00f3n Social","og_description":"Reglas de Operaci\u00f3n 2026 Ver Documento 2025 Ver Documento","og_url":"https:\/\/dcggs.qroo.gob.mx\/index.php\/reglas-de-operacion\/","og_site_name":"Despacho de la Coordinaci\u00f3n General de Gesti\u00f3n Social","article_modified_time":"2026-03-10T17:18:38+00:00","twitter_card":"summary_large_image","twitter_misc":{"Tiempo de lectura":"1 minuto"},"schema":{"@context":"https:\/\/schema.org","@graph":[{"@type":"WebPage","@id":"https:\/\/dcggs.qroo.gob.mx\/index.php\/reglas-de-operacion\/","url":"https:\/\/dcggs.qroo.gob.mx\/index.php\/reglas-de-operacion\/","name":"Reglas de Operaci\u00f3n - Despacho de la Coordinaci\u00f3n General de Gesti\u00f3n Social","isPartOf":{"@id":"https:\/\/dcggs.qroo.gob.mx\/#website"},"datePublished":"2026-03-10T17:13:20+00:00","dateModified":"2026-03-10T17:18:38+00:00","breadcrumb":{"@id":"https:\/\/dcggs.qroo.gob.mx\/index.php\/reglas-de-operacion\/#breadcrumb"},"inLanguage":"es","potentialAction":[{"@type":"ReadAction","target":["https:\/\/dcggs.qroo.gob.mx\/index.php\/reglas-de-operacion\/"]}]},{"@type":"BreadcrumbList","@id":"https:\/\/dcggs.qroo.gob.mx\/index.php\/reglas-de-operacion\/#breadcrumb","itemListElement":[{"@type":"ListItem","position":1,"name":"Inicio","item":"https:\/\/dcggs.qroo.gob.mx\/"},{"@type":"ListItem","position":2,"name":"Reglas de Operaci\u00f3n"}]},{"@type":"WebSite","@id":"https:\/\/dcggs.qroo.gob.mx\/#website","url":"https:\/\/dcggs.qroo.gob.mx\/","name":"Despacho de la Coordinaci\u00f3n General de Gesti\u00f3n Social","description":"","publisher":{"@id":"https:\/\/dcggs.qroo.gob.mx\/#organization"},"potentialAction":[{"@type":"SearchAction","target":{"@type":"EntryPoint","urlTemplate":"https:\/\/dcggs.qroo.gob.mx\/?s={search_term_string}"},"query-input":{"@type":"PropertyValueSpecification","valueRequired":true,"valueName":"search_term_string"}}],"inLanguage":"es"},{"@type":"Organization","@id":"https:\/\/dcggs.qroo.gob.mx\/#organization","name":"Despacho de la Coordinaci\u00f3n General de Gesti\u00f3n Social","url":"https:\/\/dcggs.qroo.gob.mx\/","logo":{"@type":"ImageObject","inLanguage":"es","@id":"https:\/\/dcggs.qroo.gob.mx\/#\/schema\/logo\/image\/","url":"https:\/\/dcggs.qroo.gob.mx\/wp-content\/uploads\/2024\/09\/logo_dcggs-1.png","contentUrl":"https:\/\/dcggs.qroo.gob.mx\/wp-content\/uploads\/2024\/09\/logo_dcggs-1.png","width":872,"height":286,"caption":"Despacho de la Coordinaci\u00f3n General de Gesti\u00f3n Social"},"image":{"@id":"https:\/\/dcggs.qroo.gob.mx\/#\/schema\/logo\/image\/"}}]}},"_links":{"self":[{"href":"https:\/\/dcggs.qroo.gob.mx\/index.php\/wp-json\/wp\/v2\/pages\/36409","targetHints":{"allow":["GET"]}}],"collection":[{"href":"https:\/\/dcggs.qroo.gob.mx\/index.php\/wp-json\/wp\/v2\/pages"}],"about":[{"href":"https:\/\/dcggs.qroo.gob.mx\/index.php\/wp-json\/wp\/v2\/types\/page"}],"author":[{"embeddable":true,"href":"https:\/\/dcggs.qroo.gob.mx\/index.php\/wp-json\/wp\/v2\/users\/4"}],"replies":[{"embeddable":true,"href":"https:\/\/dcggs.qroo.gob.mx\/index.php\/wp-json\/wp\/v2\/comments?post=36409"}],"version-history":[{"count":7,"href":"https:\/\/dcggs.qroo.gob.mx\/index.php\/wp-json\/wp\/v2\/pages\/36409\/revisions"}],"predecessor-version":[{"id":36417,"href":"https:\/\/dcggs.qroo.gob.mx\/index.php\/wp-json\/wp\/v2\/pages\/36409\/revisions\/36417"}],"wp:attachment":[{"href":"https:\/\/dcggs.qroo.gob.mx\/index.php\/wp-json\/wp\/v2\/media?parent=36409"}],"curies":[{"name":"wp","href":"https:\/\/api.w.org\/{rel}","templated":true}]}}