{"id":9,"date":"2024-03-04T11:56:09","date_gmt":"2024-03-04T16:56:09","guid":{"rendered":"https:\/\/dcggs.qroo.gob.mx\/index.php\/home\/"},"modified":"2024-10-10T15:45:55","modified_gmt":"2024-10-10T20:45:55","slug":"home","status":"publish","type":"page","link":"https:\/\/dcggs.qroo.gob.mx\/","title":{"rendered":"Inicio"},"content":{"rendered":"\t\t<div data-elementor-type=\"wp-page\" data-elementor-id=\"9\" class=\"elementor elementor-9\">\n\t\t\t\t<div class=\"elementor-element elementor-element-5773a10 e-con-full e-flex e-con e-parent\" data-id=\"5773a10\" data-element_type=\"container\">\n\t\t<div class=\"elementor-element elementor-element-220cd01 e-flex e-con-boxed e-con e-child\" data-id=\"220cd01\" data-element_type=\"container\" data-settings=\"{&quot;background_background&quot;:&quot;classic&quot;}\">\n\t\t\t\t\t<div class=\"e-con-inner\">\n\t\t\t\t<div class=\"elementor-element elementor-element-c6c4b3f elementor-widget elementor-widget-spacer\" data-id=\"c6c4b3f\" data-element_type=\"widget\" data-widget_type=\"spacer.default\">\n\t\t\t\t<div class=\"elementor-widget-container\">\n\t\t\t\t\t<div class=\"elementor-spacer\">\n\t\t\t<div class=\"elementor-spacer-inner\"><\/div>\n\t\t<\/div>\n\t\t\t\t<\/div>\n\t\t\t\t<\/div>\n\t\t\t\t\t<\/div>\n\t\t\t\t<\/div>\n\t\t\t\t<div class=\"elementor-element elementor-element-d62681f elementor-widget elementor-widget-shortcode\" data-id=\"d62681f\" data-element_type=\"widget\" data-widget_type=\"shortcode.default\">\n\t\t\t\t<div class=\"elementor-widget-container\">\n\t\t\t\t\t<div class=\"elementor-shortcode\"><\/div>\n\t\t\t\t<\/div>\n\t\t\t\t<\/div>\n\t\t\t\t<div class=\"elementor-element elementor-element-4831f0a elementor-widget elementor-widget-spacer\" data-id=\"4831f0a\" data-element_type=\"widget\" data-widget_type=\"spacer.default\">\n\t\t\t\t<div class=\"elementor-widget-container\">\n\t\t\t\t\t<div class=\"elementor-spacer\">\n\t\t\t<div class=\"elementor-spacer-inner\"><\/div>\n\t\t<\/div>\n\t\t\t\t<\/div>\n\t\t\t\t<\/div>\n\t\t\t\t<\/div>\n\t\t<div class=\"elementor-element elementor-element-88a4542 e-con-full e-flex e-con e-parent\" data-id=\"88a4542\" data-element_type=\"container\">\n\t\t\t\t<div class=\"elementor-element elementor-element-5d58d49 elementor-widget elementor-widget-spacer\" data-id=\"5d58d49\" data-element_type=\"widget\" data-widget_type=\"spacer.default\">\n\t\t\t\t<div class=\"elementor-widget-container\">\n\t\t\t\t\t<div class=\"elementor-spacer\">\n\t\t\t<div class=\"elementor-spacer-inner\"><\/div>\n\t\t<\/div>\n\t\t\t\t<\/div>\n\t\t\t\t<\/div>\n\t\t\t\t<div class=\"elementor-element elementor-element-22399dd elementor-widget elementor-widget-text-editor\" data-id=\"22399dd\" data-element_type=\"widget\" data-widget_type=\"text-editor.default\">\n\t\t\t\t<div class=\"elementor-widget-container\">\n\t\t\t\t\t\t\t<div class=\"vc_row wpb_row vc_row-fluid fondo vc_custom_1627933976457\"><div class=\"wpb_column vc_column_container vc_col-sm-12\"><div class=\"vc_column-inner vc_custom_1558021555882\"><div class=\"wpb_wrapper\"><div class=\"wpb_text_column wpb_content_element \"><div class=\"wpb_wrapper\"><h3><strong data-uw-styling-context=\"true\">HORARIO DE ATENCION<\/strong><\/h3><h3 data-uw-styling-context=\"true\">De lunes a viernes de 9am a 5pm<\/h3><h3 data-uw-styling-context=\"true\">L\u00edneas de atenci\u00f3n: <b>983 83 51350<\/b>\u00a0Ext. <b>300401<\/b><\/h3><h3 data-uw-styling-context=\"true\">Correo: atencionciudadanagobqroo@gmail.com<\/h3><\/div><\/div><\/div><\/div><\/div><\/div>\t\t\t\t\t\t<\/div>\n\t\t\t\t<\/div>\n\t\t<div class=\"elementor-element elementor-element-9784f6d e-flex e-con-boxed e-con e-child\" data-id=\"9784f6d\" data-element_type=\"container\">\n\t\t\t\t\t<div class=\"e-con-inner\">\n\t\t<div class=\"elementor-element elementor-element-8137125 e-con-full e-flex e-con e-child\" data-id=\"8137125\" data-element_type=\"container\" data-settings=\"{&quot;background_background&quot;:&quot;classic&quot;}\">\n\t\t<div class=\"elementor-element elementor-element-f71d709 e-flex e-con-boxed e-con e-child\" data-id=\"f71d709\" data-element_type=\"container\">\n\t\t\t\t\t<div class=\"e-con-inner\">\n\t\t<div class=\"elementor-element elementor-element-53f1ab1 e-flex e-con-boxed e-con e-child\" data-id=\"53f1ab1\" data-element_type=\"container\">\n\t\t\t\t\t<div class=\"e-con-inner\">\n\t\t\t\t\t<\/div>\n\t\t\t\t<\/div>\n\t\t\t\t\t<\/div>\n\t\t\t\t<\/div>\n\t\t\t\t<\/div>\n\t\t\t\t\t<\/div>\n\t\t\t\t<\/div>\n\t\t\t\t<\/div>\n\t\t<div class=\"elementor-element elementor-element-86fa806 e-flex e-con-boxed e-con e-parent\" data-id=\"86fa806\" data-element_type=\"container\" data-settings=\"{&quot;background_background&quot;:&quot;classic&quot;}\">\n\t\t\t\t\t<div class=\"e-con-inner\">\n\t\t\t\t<div class=\"elementor-element elementor-element-ed4b41f elementor-widget elementor-widget-spacer\" data-id=\"ed4b41f\" data-element_type=\"widget\" data-widget_type=\"spacer.default\">\n\t\t\t\t<div class=\"elementor-widget-container\">\n\t\t\t\t\t<div class=\"elementor-spacer\">\n\t\t\t<div class=\"elementor-spacer-inner\"><\/div>\n\t\t<\/div>\n\t\t\t\t<\/div>\n\t\t\t\t<\/div>\n\t\t\t\t\t<\/div>\n\t\t\t\t<\/div>\n\t\t<div class=\"elementor-element elementor-element-e3225de e-flex e-con-boxed e-con e-parent\" data-id=\"e3225de\" data-element_type=\"container\" data-settings=\"{&quot;background_background&quot;:&quot;classic&quot;}\">\n\t\t\t\t\t<div class=\"e-con-inner\">\n\t\t<div class=\"elementor-element elementor-element-34445bb e-flex e-con-boxed e-con e-child\" data-id=\"34445bb\" data-element_type=\"container\">\n\t\t\t\t\t<div class=\"e-con-inner\">\n\t\t\t\t<div class=\"elementor-element elementor-element-c236f4c elementor-widget elementor-widget-spacer\" data-id=\"c236f4c\" data-element_type=\"widget\" data-widget_type=\"spacer.default\">\n\t\t\t\t<div class=\"elementor-widget-container\">\n\t\t\t\t\t<div class=\"elementor-spacer\">\n\t\t\t<div class=\"elementor-spacer-inner\"><\/div>\n\t\t<\/div>\n\t\t\t\t<\/div>\n\t\t\t\t<\/div>\n\t\t\t\t<div class=\"elementor-element elementor-element-003dc1d elementor-widget elementor-widget-heading\" data-id=\"003dc1d\" data-element_type=\"widget\" data-widget_type=\"heading.default\">\n\t\t\t\t<div class=\"elementor-widget-container\">\n\t\t\t<h2 class=\"elementor-heading-title elementor-size-default\">Ub\u00edcanos y Cont\u00e1ctanos<\/h2>\t\t<\/div>\n\t\t\t\t<\/div>\n\t\t\t\t\t<\/div>\n\t\t\t\t<\/div>\n\t\t<div class=\"elementor-element elementor-element-86fa07a e-flex e-con-boxed e-con e-child\" data-id=\"86fa07a\" data-element_type=\"container\">\n\t\t\t\t\t<div class=\"e-con-inner\">\n\t\t<div class=\"elementor-element elementor-element-0691130 e-flex e-con-boxed e-con e-child\" data-id=\"0691130\" data-element_type=\"container\">\n\t\t\t\t\t<div class=\"e-con-inner\">\n\t\t\t\t<div class=\"elementor-element elementor-element-ffd506c elementor-view-default elementor-position-top elementor-mobile-position-top elementor-widget elementor-widget-icon-box\" data-id=\"ffd506c\" data-element_type=\"widget\" data-widget_type=\"icon-box.default\">\n\t\t\t\t<div class=\"elementor-widget-container\">\n\t\t\t\t\t<div class=\"elementor-icon-box-wrapper\">\n\n\t\t\t\t\t\t<div class=\"elementor-icon-box-icon\">\n\t\t\t\t<span  class=\"elementor-icon elementor-animation-\">\n\t\t\t\t<i aria-hidden=\"true\" class=\"icon icon-envelope\"><\/i>\t\t\t\t<\/span>\n\t\t\t<\/div>\n\t\t\t\n\t\t\t\t\t\t<div class=\"elementor-icon-box-content\">\n\n\t\t\t\t\t\t\t\t\t<span class=\"elementor-icon-box-title\">\n\t\t\t\t\t\t<span  >\n\t\t\t\t\t\t\tatencionciudadanagobqroo@gmail.com\t\t\t\t\t\t<\/span>\n\t\t\t\t\t<\/span>\n\t\t\t\t\n\t\t\t\t\n\t\t\t<\/div>\n\t\t\t\n\t\t<\/div>\n\t\t\t\t<\/div>\n\t\t\t\t<\/div>\n\t\t\t\t\t<\/div>\n\t\t\t\t<\/div>\n\t\t\t\t<div class=\"elementor-element elementor-element-508a4a3 elementor-widget elementor-widget-spacer\" data-id=\"508a4a3\" data-element_type=\"widget\" data-widget_type=\"spacer.default\">\n\t\t\t\t<div class=\"elementor-widget-container\">\n\t\t\t\t\t<div class=\"elementor-spacer\">\n\t\t\t<div class=\"elementor-spacer-inner\"><\/div>\n\t\t<\/div>\n\t\t\t\t<\/div>\n\t\t\t\t<\/div>\n\t\t\t\t<div class=\"elementor-element elementor-element-6885d2a elementor-widget elementor-widget-spacer\" data-id=\"6885d2a\" data-element_type=\"widget\" data-widget_type=\"spacer.default\">\n\t\t\t\t<div class=\"elementor-widget-container\">\n\t\t\t\t\t<div class=\"elementor-spacer\">\n\t\t\t<div class=\"elementor-spacer-inner\"><\/div>\n\t\t<\/div>\n\t\t\t\t<\/div>\n\t\t\t\t<\/div>\n\t\t<div class=\"elementor-element elementor-element-92873d8 e-flex e-con-boxed e-con e-child\" data-id=\"92873d8\" data-element_type=\"container\">\n\t\t\t\t\t<div class=\"e-con-inner\">\n\t\t\t\t\t<\/div>\n\t\t\t\t<\/div>\n\t\t<div class=\"elementor-element elementor-element-b62a1d9 e-flex e-con-boxed e-con e-child\" data-id=\"b62a1d9\" data-element_type=\"container\">\n\t\t\t\t\t<div class=\"e-con-inner\">\n\t\t\t\t<div class=\"elementor-element elementor-element-d63b5fe elementor-view-default elementor-position-top elementor-mobile-position-top elementor-widget elementor-widget-icon-box\" data-id=\"d63b5fe\" data-element_type=\"widget\" data-widget_type=\"icon-box.default\">\n\t\t\t\t<div class=\"elementor-widget-container\">\n\t\t\t\t\t<div class=\"elementor-icon-box-wrapper\">\n\n\t\t\t\t\t\t<div class=\"elementor-icon-box-icon\">\n\t\t\t\t<span  class=\"elementor-icon elementor-animation-\">\n\t\t\t\t<svg aria-hidden=\"true\" class=\"e-font-icon-svg e-fas-map-marker-alt\" viewBox=\"0 0 384 512\" xmlns=\"http:\/\/www.w3.org\/2000\/svg\"><path d=\"M172.268 501.67C26.97 291.031 0 269.413 0 192 0 85.961 85.961 0 192 0s192 85.961 192 192c0 77.413-26.97 99.031-172.268 309.67-9.535 13.774-29.93 13.773-39.464 0zM192 272c44.183 0 80-35.817 80-80s-35.817-80-80-80-80 35.817-80 80 35.817 80 80 80z\"><\/path><\/svg>\t\t\t\t<\/span>\n\t\t\t<\/div>\n\t\t\t\n\t\t\t\t\t\t<div class=\"elementor-icon-box-content\">\n\n\t\t\t\t\t\t\t\t\t<span class=\"elementor-icon-box-title\">\n\t\t\t\t\t\t<span  >\n\t\t\t\t\t\t\tANDADOR H\u00c9ROES, ENTRE CARMEN OCHOA Y 22 DE ENERO. EDIFICIO 7 DE DICIEMBRE<br>COL. CENTRO 77000\t\t\t\t\t\t<\/span>\n\t\t\t\t\t<\/span>\n\t\t\t\t\n\t\t\t\t\n\t\t\t<\/div>\n\t\t\t\n\t\t<\/div>\n\t\t\t\t<\/div>\n\t\t\t\t<\/div>\n\t\t\t\t\t<\/div>\n\t\t\t\t<\/div>\n\t\t<div class=\"elementor-element elementor-element-1a8e378 e-flex e-con-boxed e-con e-child\" data-id=\"1a8e378\" data-element_type=\"container\">\n\t\t\t\t\t<div class=\"e-con-inner\">\n\t\t\t\t\t<\/div>\n\t\t\t\t<\/div>\n\t\t<div class=\"elementor-element elementor-element-a6baa15 e-flex e-con-boxed e-con e-child\" data-id=\"a6baa15\" data-element_type=\"container\">\n\t\t\t\t\t<div class=\"e-con-inner\">\n\t\t\t\t<div class=\"elementor-element elementor-element-2a35e1c elementor-view-default elementor-position-top elementor-mobile-position-top elementor-widget elementor-widget-icon-box\" data-id=\"2a35e1c\" data-element_type=\"widget\" data-widget_type=\"icon-box.default\">\n\t\t\t\t<div class=\"elementor-widget-container\">\n\t\t\t\t\t<div class=\"elementor-icon-box-wrapper\">\n\n\t\t\t\t\t\t<div class=\"elementor-icon-box-icon\">\n\t\t\t\t<span  class=\"elementor-icon elementor-animation-\">\n\t\t\t\t<svg aria-hidden=\"true\" class=\"e-font-icon-svg e-fas-phone\" viewBox=\"0 0 512 512\" xmlns=\"http:\/\/www.w3.org\/2000\/svg\"><path d=\"M493.4 24.6l-104-24c-11.3-2.6-22.9 3.3-27.5 13.9l-48 112c-4.2 9.8-1.4 21.3 6.9 28l60.6 49.6c-36 76.7-98.9 140.5-177.2 177.2l-49.6-60.6c-6.8-8.3-18.2-11.1-28-6.9l-112 48C3.9 366.5-2 378.1.6 389.4l24 104C27.1 504.2 36.7 512 48 512c256.1 0 464-207.5 464-464 0-11.2-7.7-20.9-18.6-23.4z\"><\/path><\/svg>\t\t\t\t<\/span>\n\t\t\t<\/div>\n\t\t\t\n\t\t\t\t\t\t<div class=\"elementor-icon-box-content\">\n\n\t\t\t\t\t\t\t\t\t<span class=\"elementor-icon-box-title\">\n\t\t\t\t\t\t<span  >\n\t\t\t\t\t\t\t983 83 51350 EXT. 300401\t\t\t\t\t\t<\/span>\n\t\t\t\t\t<\/span>\n\t\t\t\t\n\t\t\t\t\n\t\t\t<\/div>\n\t\t\t\n\t\t<\/div>\n\t\t\t\t<\/div>\n\t\t\t\t<\/div>\n\t\t\t\t\t<\/div>\n\t\t\t\t<\/div>\n\t\t\t\t\t<\/div>\n\t\t\t\t<\/div>\n\t\t<div class=\"elementor-element elementor-element-f82ba23 e-flex e-con-boxed e-con e-child\" data-id=\"f82ba23\" data-element_type=\"container\">\n\t\t\t\t\t<div class=\"e-con-inner\">\n\t\t\t\t<div class=\"elementor-element elementor-element-5de5ba8 elementor-widget elementor-widget-google_maps\" data-id=\"5de5ba8\" data-element_type=\"widget\" data-widget_type=\"google_maps.default\">\n\t\t\t\t<div class=\"elementor-widget-container\">\n\t\t\t\t\t<div class=\"elementor-custom-embed\">\n\t\t\t<iframe loading=\"lazy\"\n\t\t\t\t\tsrc=\"https:\/\/maps.google.com\/maps?q=Coordinaci%C3%B3n%20General%20de%20Atenci%C3%B3n%20Ciudadana%20del%20Edo.%20de%20Q.%20Roo&#038;t=m&#038;z=10&#038;output=embed&#038;iwloc=near\"\n\t\t\t\t\ttitle=\"Coordinaci\u00f3n General de Atenci\u00f3n Ciudadana del Edo. de Q. Roo\"\n\t\t\t\t\taria-label=\"Coordinaci\u00f3n General de Atenci\u00f3n Ciudadana del Edo. de Q. Roo\"\n\t\t\t><\/iframe>\n\t\t<\/div>\n\t\t\t\t<\/div>\n\t\t\t\t<\/div>\n\t\t\t\t\t<\/div>\n\t\t\t\t<\/div>\n\t\t\t\t\t<\/div>\n\t\t\t\t<\/div>\n\t\t\t\t<\/div>\n\t\t","protected":false},"excerpt":{"rendered":"<p>HORARIO DE ATENCION De lunes a viernes de 9am a 5pm L\u00edneas de atenci\u00f3n: 983 83 51350\u00a0Ext. 300401 Correo: atencionciudadanagobqroo@gmail.com Ub\u00edcanos y Cont\u00e1ctanos atencionciudadanagobqroo@gmail.com ANDADOR H\u00c9ROES, ENTRE CARMEN OCHOA Y 22 DE ENERO. EDIFICIO 7 DE DICIEMBRECOL. CENTRO 77000 983 83 51350 EXT. 300401<\/p>\n","protected":false},"author":1,"featured_media":0,"parent":0,"menu_order":0,"comment_status":"closed","ping_status":"closed","template":"elementor_header_footer","meta":{"footnotes":""},"class_list":["post-9","page","type-page","status-publish"],"yoast_head":"<!-- This site is optimized with the Yoast SEO plugin v23.4 - https:\/\/yoast.com\/wordpress\/plugins\/seo\/ -->\n<title>Inicio - Despacho de la Coordinaci\u00f3n General de Gesti\u00f3n Social<\/title>\n<meta name=\"robots\" content=\"index, follow, max-snippet:-1, max-image-preview:large, max-video-preview:-1\" \/>\n<link rel=\"canonical\" href=\"https:\/\/dcggs.qroo.gob.mx\/\" \/>\n<meta property=\"og:locale\" content=\"es_MX\" \/>\n<meta property=\"og:type\" content=\"article\" \/>\n<meta property=\"og:title\" content=\"Inicio - Despacho de la Coordinaci\u00f3n General de Gesti\u00f3n Social\" \/>\n<meta property=\"og:description\" content=\"HORARIO DE ATENCION De lunes a viernes de 9am a 5pm L\u00edneas de atenci\u00f3n: 983 83 51350\u00a0Ext. 300401 Correo: atencionciudadanagobqroo@gmail.com Ub\u00edcanos y Cont\u00e1ctanos atencionciudadanagobqroo@gmail.com ANDADOR H\u00c9ROES, ENTRE CARMEN OCHOA Y 22 DE ENERO. EDIFICIO 7 DE DICIEMBRECOL. CENTRO 77000 983 83 51350 EXT. 300401\" \/>\n<meta property=\"og:url\" content=\"https:\/\/dcggs.qroo.gob.mx\/\" \/>\n<meta property=\"og:site_name\" content=\"Despacho de la Coordinaci\u00f3n General de Gesti\u00f3n Social\" \/>\n<meta property=\"article:modified_time\" content=\"2024-10-10T20:45:55+00:00\" \/>\n<meta name=\"twitter:card\" content=\"summary_large_image\" \/>\n<meta name=\"twitter:label1\" content=\"Tiempo de lectura\" \/>\n\t<meta name=\"twitter:data1\" content=\"1 minuto\" \/>\n<script type=\"application\/ld+json\" class=\"yoast-schema-graph\">{\"@context\":\"https:\/\/schema.org\",\"@graph\":[{\"@type\":\"WebPage\",\"@id\":\"https:\/\/dcggs.qroo.gob.mx\/\",\"url\":\"https:\/\/dcggs.qroo.gob.mx\/\",\"name\":\"Inicio - Despacho de la Coordinaci\u00f3n General de Gesti\u00f3n Social\",\"isPartOf\":{\"@id\":\"https:\/\/dcggs.qroo.gob.mx\/#website\"},\"datePublished\":\"2024-03-04T16:56:09+00:00\",\"dateModified\":\"2024-10-10T20:45:55+00:00\",\"breadcrumb\":{\"@id\":\"https:\/\/dcggs.qroo.gob.mx\/#breadcrumb\"},\"inLanguage\":\"es\",\"potentialAction\":[{\"@type\":\"ReadAction\",\"target\":[\"https:\/\/dcggs.qroo.gob.mx\/\"]}]},{\"@type\":\"BreadcrumbList\",\"@id\":\"https:\/\/dcggs.qroo.gob.mx\/#breadcrumb\",\"itemListElement\":[{\"@type\":\"ListItem\",\"position\":1,\"name\":\"Inicio\",\"item\":\"https:\/\/dcggs.qroo.gob.mx\/\"},{\"@type\":\"ListItem\",\"position\":2,\"name\":\"Inicio\"}]},{\"@type\":\"WebSite\",\"@id\":\"https:\/\/dcggs.qroo.gob.mx\/#website\",\"url\":\"https:\/\/dcggs.qroo.gob.mx\/\",\"name\":\"Despacho de la Coordinaci\u00f3n General de Gesti\u00f3n Social\",\"description\":\"\",\"publisher\":{\"@id\":\"https:\/\/dcggs.qroo.gob.mx\/#organization\"},\"potentialAction\":[{\"@type\":\"SearchAction\",\"target\":{\"@type\":\"EntryPoint\",\"urlTemplate\":\"https:\/\/dcggs.qroo.gob.mx\/?s={search_term_string}\"},\"query-input\":{\"@type\":\"PropertyValueSpecification\",\"valueRequired\":true,\"valueName\":\"search_term_string\"}}],\"inLanguage\":\"es\"},{\"@type\":\"Organization\",\"@id\":\"https:\/\/dcggs.qroo.gob.mx\/#organization\",\"name\":\"Despacho de la Coordinaci\u00f3n General de Gesti\u00f3n Social\",\"url\":\"https:\/\/dcggs.qroo.gob.mx\/\",\"logo\":{\"@type\":\"ImageObject\",\"inLanguage\":\"es\",\"@id\":\"https:\/\/dcggs.qroo.gob.mx\/#\/schema\/logo\/image\/\",\"url\":\"https:\/\/dcggs.qroo.gob.mx\/wp-content\/uploads\/2024\/09\/logo_dcggs-1.png\",\"contentUrl\":\"https:\/\/dcggs.qroo.gob.mx\/wp-content\/uploads\/2024\/09\/logo_dcggs-1.png\",\"width\":872,\"height\":286,\"caption\":\"Despacho de la Coordinaci\u00f3n General de Gesti\u00f3n Social\"},\"image\":{\"@id\":\"https:\/\/dcggs.qroo.gob.mx\/#\/schema\/logo\/image\/\"}}]}<\/script>\n<!-- \/ Yoast SEO plugin. -->","yoast_head_json":{"title":"Inicio - Despacho de la Coordinaci\u00f3n General de Gesti\u00f3n Social","robots":{"index":"index","follow":"follow","max-snippet":"max-snippet:-1","max-image-preview":"max-image-preview:large","max-video-preview":"max-video-preview:-1"},"canonical":"https:\/\/dcggs.qroo.gob.mx\/","og_locale":"es_MX","og_type":"article","og_title":"Inicio - Despacho de la Coordinaci\u00f3n General de Gesti\u00f3n Social","og_description":"HORARIO DE ATENCION De lunes a viernes de 9am a 5pm L\u00edneas de atenci\u00f3n: 983 83 51350\u00a0Ext. 300401 Correo: atencionciudadanagobqroo@gmail.com Ub\u00edcanos y Cont\u00e1ctanos atencionciudadanagobqroo@gmail.com ANDADOR H\u00c9ROES, ENTRE CARMEN OCHOA Y 22 DE ENERO. EDIFICIO 7 DE DICIEMBRECOL. CENTRO 77000 983 83 51350 EXT. 300401","og_url":"https:\/\/dcggs.qroo.gob.mx\/","og_site_name":"Despacho de la Coordinaci\u00f3n General de Gesti\u00f3n Social","article_modified_time":"2024-10-10T20:45:55+00:00","twitter_card":"summary_large_image","twitter_misc":{"Tiempo de lectura":"1 minuto"},"schema":{"@context":"https:\/\/schema.org","@graph":[{"@type":"WebPage","@id":"https:\/\/dcggs.qroo.gob.mx\/","url":"https:\/\/dcggs.qroo.gob.mx\/","name":"Inicio - Despacho de la Coordinaci\u00f3n General de Gesti\u00f3n Social","isPartOf":{"@id":"https:\/\/dcggs.qroo.gob.mx\/#website"},"datePublished":"2024-03-04T16:56:09+00:00","dateModified":"2024-10-10T20:45:55+00:00","breadcrumb":{"@id":"https:\/\/dcggs.qroo.gob.mx\/#breadcrumb"},"inLanguage":"es","potentialAction":[{"@type":"ReadAction","target":["https:\/\/dcggs.qroo.gob.mx\/"]}]},{"@type":"BreadcrumbList","@id":"https:\/\/dcggs.qroo.gob.mx\/#breadcrumb","itemListElement":[{"@type":"ListItem","position":1,"name":"Inicio","item":"https:\/\/dcggs.qroo.gob.mx\/"},{"@type":"ListItem","position":2,"name":"Inicio"}]},{"@type":"WebSite","@id":"https:\/\/dcggs.qroo.gob.mx\/#website","url":"https:\/\/dcggs.qroo.gob.mx\/","name":"Despacho de la Coordinaci\u00f3n General de Gesti\u00f3n Social","description":"","publisher":{"@id":"https:\/\/dcggs.qroo.gob.mx\/#organization"},"potentialAction":[{"@type":"SearchAction","target":{"@type":"EntryPoint","urlTemplate":"https:\/\/dcggs.qroo.gob.mx\/?s={search_term_string}"},"query-input":{"@type":"PropertyValueSpecification","valueRequired":true,"valueName":"search_term_string"}}],"inLanguage":"es"},{"@type":"Organization","@id":"https:\/\/dcggs.qroo.gob.mx\/#organization","name":"Despacho de la Coordinaci\u00f3n General de Gesti\u00f3n Social","url":"https:\/\/dcggs.qroo.gob.mx\/","logo":{"@type":"ImageObject","inLanguage":"es","@id":"https:\/\/dcggs.qroo.gob.mx\/#\/schema\/logo\/image\/","url":"https:\/\/dcggs.qroo.gob.mx\/wp-content\/uploads\/2024\/09\/logo_dcggs-1.png","contentUrl":"https:\/\/dcggs.qroo.gob.mx\/wp-content\/uploads\/2024\/09\/logo_dcggs-1.png","width":872,"height":286,"caption":"Despacho de la Coordinaci\u00f3n General de Gesti\u00f3n Social"},"image":{"@id":"https:\/\/dcggs.qroo.gob.mx\/#\/schema\/logo\/image\/"}}]}},"_links":{"self":[{"href":"https:\/\/dcggs.qroo.gob.mx\/index.php\/wp-json\/wp\/v2\/pages\/9","targetHints":{"allow":["GET"]}}],"collection":[{"href":"https:\/\/dcggs.qroo.gob.mx\/index.php\/wp-json\/wp\/v2\/pages"}],"about":[{"href":"https:\/\/dcggs.qroo.gob.mx\/index.php\/wp-json\/wp\/v2\/types\/page"}],"author":[{"embeddable":true,"href":"https:\/\/dcggs.qroo.gob.mx\/index.php\/wp-json\/wp\/v2\/users\/1"}],"replies":[{"embeddable":true,"href":"https:\/\/dcggs.qroo.gob.mx\/index.php\/wp-json\/wp\/v2\/comments?post=9"}],"version-history":[{"count":174,"href":"https:\/\/dcggs.qroo.gob.mx\/index.php\/wp-json\/wp\/v2\/pages\/9\/revisions"}],"predecessor-version":[{"id":36061,"href":"https:\/\/dcggs.qroo.gob.mx\/index.php\/wp-json\/wp\/v2\/pages\/9\/revisions\/36061"}],"wp:attachment":[{"href":"https:\/\/dcggs.qroo.gob.mx\/index.php\/wp-json\/wp\/v2\/media?parent=9"}],"curies":[{"name":"wp","href":"https:\/\/api.w.org\/{rel}","templated":true}]}}